{"id":92,"date":"2013-12-22T20:04:17","date_gmt":"2013-12-22T20:04:17","guid":{"rendered":"https:\/\/www.baisogala.radviliskis.lm.lt\/?page_id=92"},"modified":"2026-03-20T10:33:46","modified_gmt":"2026-03-20T10:33:46","slug":"mokiniams","status":"publish","type":"page","link":"https:\/\/www.baisogala.radviliskis.lm.lt\/?page_id=92","title":{"rendered":"Mokiniams"},"content":{"rendered":"<blockquote>\n<h2 style=\"text-align: center;\"><strong>Tvarkara\u0161\u010diai ir grafikai<\/strong><\/h2>\n<\/blockquote>\n<ul>\n<li><a href=\"https:\/\/www.baisogala.radviliskis.lm.lt\/wp-content\/uploads\/2025\/10\/Mokiniu-pavezejimo-grafikas.pdf\" target=\"_blank\" rel=\"noopener\">MOKINI\u0172 PAVE\u017d\u0116JIMAS<\/a><\/li>\n<li><a href=\"https:\/\/www.baisogala.radviliskis.lm.lt\/wp-content\/uploads\/2025\/10\/Informacija1-1_rotated.pdf\" target=\"_blank\" rel=\"noopener\">NEFORMALIOJO \u0160VIETIMO TVARKARA\u0160TIS<\/a><\/li>\n<li><a href=\"https:\/\/www.baisogala.radviliskis.lm.lt\/wp-content\/uploads\/2025\/10\/Informacija1-2.pdf\" target=\"_blank\" rel=\"noopener\">AKTYVAUS POILSIO ERDV\u0116S TVARKARA\u0160TIS<\/a><\/li>\n<\/ul>\n<p>&nbsp;<\/p>\n<p style=\"text-align: center;\"><span style=\"font-size: 14px; font-family: georgia, palatino;\"><strong>Mokini\u0173 atostogos 2025 &#8211; 2026 m. m.<\/strong><\/span><\/p>\n<table style=\"border-collapse: collapse; width: 100%;\" border=\"1\">\n<tbody>\n<tr>\n<td style=\"width: 25.9375%;\"><strong>Atostogos<\/strong><\/td>\n<td style=\"text-align: center; width: 30.6249%;\"><strong>Prad\u017eia<\/strong><\/td>\n<td style=\"text-align: center; width: 22.1874%;\"><strong>Pabaiga<\/strong><\/td>\n<\/tr>\n<tr>\n<td style=\"width: 25.9375%;\"><strong>Rudens<\/strong><\/td>\n<td style=\"text-align: center; width: 30.6249%;\"><strong>2025-11-03<\/strong><\/td>\n<td style=\"text-align: center; width: 22.1874%;\"><strong>2025-11-09<\/strong><\/td>\n<\/tr>\n<tr>\n<td style=\"width: 25.9375%;\"><strong>\u017diemos (Kal\u0117d\u0173)<\/strong><\/td>\n<td style=\"text-align: center; width: 30.6249%;\"><strong>2025-12-24<\/strong><\/td>\n<td style=\"text-align: center; width: 22.1874%;\"><strong>2026-01-04<\/strong><\/td>\n<\/tr>\n<tr>\n<td style=\"width: 25.9375%;\"><strong>\u017diemos<\/strong><\/td>\n<td style=\"text-align: center; width: 30.6249%;\"><strong>2026-02-16<\/strong><\/td>\n<td style=\"text-align: center; width: 22.1874%;\"><strong>2026-02-22<\/strong><\/td>\n<\/tr>\n<tr>\n<td style=\"width: 25.9375%;\"><strong>Pavasario (Velyk\u0173)<br \/>\n1-4, 5-8, I-II g. kl.<br \/>\n<\/strong><\/td>\n<td style=\"text-align: center; width: 30.6249%;\"><strong>2026-03-30<\/strong><\/td>\n<td style=\"text-align: center; width: 22.1874%;\"><strong>2026-04-05<\/strong><\/td>\n<\/tr>\n<tr>\n<td style=\"width: 25.9375%;\"><strong>Pavasario (Velyk\u0173)<br \/>\nIII-IV g. kl.<\/strong><\/td>\n<td style=\"text-align: center; width: 30.6249%;\"><strong>2026-04-06<\/strong><\/td>\n<td style=\"text-align: center; width: 22.1874%;\"><strong>2026-04-12<\/strong><\/td>\n<\/tr>\n<tr>\n<td style=\"width: 25.9375%;\"><strong>Vasaros atostogos 1-4 kl.<\/strong><\/td>\n<td style=\"text-align: center; width: 30.6249%;\"><strong>2026-06-08<\/strong><\/td>\n<td style=\"text-align: center; width: 22.1874%;\"><strong>2026-08-31<\/strong><\/td>\n<\/tr>\n<tr>\n<td style=\"width: 25.9375%;\"><strong>Vasaros atostogos 5-8, I-II g. kl.<\/strong><\/td>\n<td style=\"text-align: center; width: 30.6249%;\"><strong>2026-06-15<\/strong><\/td>\n<td style=\"text-align: center; width: 22.1874%;\"><strong>2026-08-31<\/strong><\/td>\n<\/tr>\n<tr>\n<td style=\"width: 25.9375%;\"><strong>Vasaros atostogos III g. kl.<\/strong><\/td>\n<td style=\"text-align: center; width: 30.6249%;\"><strong>Pasibaigus \u0160MM nustatytai brandos egzamin\u0173 sesijai<\/strong><\/p>\n<p><strong>Bir\u017eelio 1-12 d. skiriamos \u017einioms ir geb\u0117jimams kartoti, \u012ftvirtinti ir patikrinti, konsultacijoms<\/strong><\/td>\n<td style=\"text-align: center; width: 22.1874%;\"><strong>2026-08-31<\/strong><\/td>\n<\/tr>\n<tr>\n<td style=\"width: 25.9375%;\"><strong>Vasaros atostogos IV g. kl.<\/strong><\/td>\n<td style=\"text-align: center; width: 30.6249%;\"><strong>Pasibaigus \u0160MM nustatytai brandos egzamin\u0173 sesijai<\/strong><\/td>\n<td style=\"text-align: center; width: 22.1874%;\"><strong>2026-08-31<\/strong><\/td>\n<\/tr>\n<\/tbody>\n<\/table>\n<h2>&nbsp;<\/h2>\n","protected":false},"excerpt":{"rendered":"<p>Tvarkara\u0161\u010diai ir grafikai MOKINI\u0172 PAVE\u017d\u0116JIMAS NEFORMALIOJO \u0160VIETIMO TVARKARA\u0160TIS AKTYVAUS POILSIO ERDV\u0116S TVARKARA\u0160TIS &nbsp; Mokini\u0173 atostogos 2025 &#8211; 2026 m. m. Atostogos Prad\u017eia Pabaiga Rudens 2025-11-03 2025-11-09 \u017diemos (Kal\u0117d\u0173) 2025-12-24 2026-01-04 \u017diemos 2026-02-16 2026-02-22 Pavasario (Velyk\u0173) 1-4, 5-8, I-II g. kl. &hellip; <a href=\"https:\/\/www.baisogala.radviliskis.lm.lt\/?page_id=92\">Skaityti daugiau <span class=\"meta-nav\">&rarr;<\/span><\/a><\/p>\n","protected":false},"author":1,"featured_media":0,"parent":90,"menu_order":2,"comment_status":"closed","ping_status":"closed","template":"","meta":{"ngg_post_thumbnail":0,"footnotes":"","_links_to":"","_links_to_target":""},"class_list":["post-92","page","type-page","status-publish","hentry"],"_links":{"self":[{"href":"https:\/\/www.baisogala.radviliskis.lm.lt\/index.php?rest_route=\/wp\/v2\/pages\/92","targetHints":{"allow":["GET"]}}],"collection":[{"href":"https:\/\/www.baisogala.radviliskis.lm.lt\/index.php?rest_route=\/wp\/v2\/pages"}],"about":[{"href":"https:\/\/www.baisogala.radviliskis.lm.lt\/index.php?rest_route=\/wp\/v2\/types\/page"}],"author":[{"embeddable":true,"href":"https:\/\/www.baisogala.radviliskis.lm.lt\/index.php?rest_route=\/wp\/v2\/users\/1"}],"replies":[{"embeddable":true,"href":"https:\/\/www.baisogala.radviliskis.lm.lt\/index.php?rest_route=%2Fwp%2Fv2%2Fcomments&post=92"}],"version-history":[{"count":205,"href":"https:\/\/www.baisogala.radviliskis.lm.lt\/index.php?rest_route=\/wp\/v2\/pages\/92\/revisions"}],"predecessor-version":[{"id":13864,"href":"https:\/\/www.baisogala.radviliskis.lm.lt\/index.php?rest_route=\/wp\/v2\/pages\/92\/revisions\/13864"}],"up":[{"embeddable":true,"href":"https:\/\/www.baisogala.radviliskis.lm.lt\/index.php?rest_route=\/wp\/v2\/pages\/90"}],"wp:attachment":[{"href":"https:\/\/www.baisogala.radviliskis.lm.lt\/index.php?rest_route=%2Fwp%2Fv2%2Fmedia&parent=92"}],"curies":[{"name":"wp","href":"https:\/\/api.w.org\/{rel}","templated":true}]}}