{"id":8601,"date":"2021-10-21T18:02:59","date_gmt":"2021-10-21T18:02:59","guid":{"rendered":"https:\/\/www.baisogala.radviliskis.lm.lt\/?page_id=8601"},"modified":"2026-03-06T13:38:05","modified_gmt":"2026-03-06T13:38:05","slug":"ataskaitos","status":"publish","type":"page","link":"https:\/\/www.baisogala.radviliskis.lm.lt\/?page_id=8601","title":{"rendered":"Ataskaitos"},"content":{"rendered":"<ul>\n<li><a href=\"https:\/\/www.baisogala.radviliskis.lm.lt\/wp-content\/uploads\/2026\/03\/2026-metu-veiklos-lukesciai.pdf\" target=\"_blank\" rel=\"noopener\">2026 m. VEIKLOS L\u016aKES\u010cIAI&nbsp;<\/a><\/li>\n<li><a href=\"https:\/\/www.baisogala.radviliskis.lm.lt\/wp-content\/uploads\/2026\/03\/2025-metu-gimnazijos-veiklos-ataskaita.pdf\" target=\"_blank\" rel=\"noopener\"><span style=\"font-size: 12pt;\">GIMNAZIJOS VEIKLOS ATASKAITA 2025 m.<\/span><\/a><\/li>\n<li><a role=\"link\" href=\"https:\/\/www.baisogala.radviliskis.lm.lt\/wp-content\/uploads\/2026\/03\/2025-metu-direktores-veiklos-ataskaita_rotated.pdf\" target=\"_blank\" rel=\"noopener\">DIREKTOR\u0116S VEIKLOS ATASKAITA 2025 m.<\/a><\/li>\n<li><a href=\"https:\/\/www.baisogala.radviliskis.lm.lt\/wp-content\/uploads\/2025\/07\/2019-2024-m.-finansavimas-vadoveliu-ir-mokymo-priemoniu.pdf\" target=\"_blank\" rel=\"noopener\">L\u0116\u0160OS, SKIRTOS VADOV\u0116LIAMS IR KITOMS MOKYMO PRIEMON\u0116MS 2019-2024 m.<\/a><\/li>\n<li><a href=\"https:\/\/www.baisogala.radviliskis.lm.lt\/wp-content\/uploads\/2025\/06\/Potvarkis-del-Radviliskio-r.-Baisogalos-gimnazijos-2024-m.-ataskaitu.pdf\" target=\"_blank\" rel=\"noopener\">2024 m. ATASKAIT\u0172 RINKINYS<\/a><\/li>\n<li><a href=\"https:\/\/www.baisogala.radviliskis.lm.lt\/wp-content\/uploads\/2025\/03\/2024m.-Gimnazijos-veiklos-ataskaita.pdf\" target=\"_blank\" rel=\"noopener\"><span style=\"font-size: 12pt;\">GIMNAZIJOS VEIKLOS ATASKAITA 2024 m.<\/span><\/a><\/li>\n<li><a href=\"https:\/\/www.baisogala.radviliskis.lm.lt\/wp-content\/uploads\/2025\/03\/2024m.-Direktores-veiklos-ataskaita.pdf\" target=\"_blank\" rel=\"noopener\">DIREKTORIAUS VEIKLOS ATASKAITA 2024 m.<\/a><\/li>\n<li><span style=\"font-size: 12pt;\"><a href=\"https:\/\/www.baisogala.radviliskis.lm.lt\/wp-content\/uploads\/2024\/02\/Gimnazijos-veiklos-ataskaita-2023.pdf\" target=\"_blank\" rel=\"noopener\">GIMNAZIJOS VEIKLOS ATASKAITA <\/a><a href=\"https:\/\/www.baisogala.radviliskis.lm.lt\/wp-content\/uploads\/2024\/02\/Gimnazijos-veiklos-ataskaita-2023.pdf\" target=\"_blank\" rel=\"noopener\">2023 m. <\/a><\/span><\/li>\n<li><span style=\"font-size: 12pt;\"><a href=\"https:\/\/www.baisogala.radviliskis.lm.lt\/wp-content\/uploads\/2019\/06\/914812311_eNMPP2019_8kl_mokyklos_ataskaita.pdf\" target=\"_blank\" rel=\"noopener\">BANDOMASIS ELEKTRONINIS 2019 m. NACIONALINIS MOKINI\u0172 PASIEKIM\u0172 PATIKRINIMAS (el. NMPP2019). MOKYKLOS ATASKAITA. 8 klas\u0117<\/a><\/span><\/li>\n<li>\n<div><span style=\"font-size: 12pt;\"><a href=\"https:\/\/www.baisogala.radviliskis.lm.lt\/wp-content\/uploads\/2019\/06\/914812311_RadviliskiorBai_RadviliskiorBai_6kl_mokyklos_profilis.pdf\" target=\"_blank\" rel=\"noopener\">NACIONALINIS MOKINI\u0172 PASIEKIM\u0172 PATIRTINIMAS (NMPP) 2019 m. MOKYKLOS ATASKAITA (6 klas\u0117)<\/a><\/span><\/div>\n<\/li>\n<li><span style=\"font-size: 12pt;\"><a href=\"https:\/\/www.baisogala.radviliskis.lm.lt\/wp-content\/uploads\/2021\/11\/Lesos-vadoveliams-ir-kitoms-mokymo-priemonems-2020-m.pdf\" target=\"_blank\" rel=\"noopener\">L\u0116\u0160OS, SKIRTOS VADOV\u0116LIAMS IR KITOMS MOKYMO PRIEMON\u0116MS 2020 m.<\/a><\/span><\/li>\n<li><span style=\"font-size: 12pt;\"><a href=\"https:\/\/www.baisogala.radviliskis.lm.lt\/wp-content\/uploads\/2021\/11\/LESOS_VADOVELIAMS1_2019.pdf\" target=\"_blank\" rel=\"noopener\">L\u0116\u0160OS, SKIRTOS VADOV\u0116LIAMS IR KITOMS MOKYMO PRIEMON\u0116MS 2019 m.<\/a><\/span><\/li>\n<li><span style=\"font-size: 12pt;\"><a href=\"https:\/\/www.baisogala.radviliskis.lm.lt\/wp-content\/uploads\/2024\/04\/Direktoriaus-2023-metu-veiklos-ataskaita.pdf\" target=\"_blank\" rel=\"noopener\">DIREKTORIAUS VEIKLOS ATASKAITA 2023 m.<\/a><\/span><\/li>\n<li><span style=\"font-size: 12pt;\"><a href=\"https:\/\/www.baisogala.radviliskis.lm.lt\/wp-content\/uploads\/2023\/03\/Baisogalos-g.pdf\" target=\"_blank\" rel=\"noopener\">DIREKTORIAUS VEIKLOS ATASKAITA 2022 m.<\/a><\/span><\/li>\n<li><span style=\"font-size: 12pt;\"><a href=\"https:\/\/www.baisogala.radviliskis.lm.lt\/wp-content\/uploads\/2022\/03\/2021-m-direktores-ataskaita.pdf\" target=\"_blank\" rel=\"noopener\">DIREKTORIAUS VEIKLOS ATASKAITA 2021 m.<\/a><\/span><\/li>\n<li><span style=\"font-size: 12pt;\"><a href=\"https:\/\/www.baisogala.radviliskis.lm.lt\/wp-content\/uploads\/2021\/03\/Veiklos-ataskaita-2020.pdf\" target=\"_blank\" rel=\"noopener\">DIREKTORIAUS VEIKLOS ATASKAITA 2020 m.<\/a><\/span><\/li>\n<li><span style=\"font-size: 12pt;\"><a href=\"https:\/\/www.baisogala.radviliskis.lm.lt\/wp-content\/uploads\/2021\/10\/2019m.-veiklos-ataskaita.pdf\" target=\"_blank\" rel=\"noopener\">DIREKTORIAUS VEIKLOS ATASKAITA 2019 m.<\/a><\/span><\/li>\n<li><span style=\"font-size: 12pt;\"><a href=\"https:\/\/www.baisogala.radviliskis.lm.lt\/wp-content\/uploads\/2020\/01\/2018-direktor\u0117s-veiklos-ataskaita.pdf\" target=\"_blank\" rel=\"noopener\">DIREKTORIAUS VEIKLOS ATASKAITA 2018 m.<\/a><\/span><\/li>\n<li><span style=\"font-size: 12pt;\"><a href=\"https:\/\/www.baisogala.radviliskis.lm.lt\/wp-content\/uploads\/2020\/01\/Baisogalos-gimnazijos-Direktor\u0117s-ataskaita-2017.pdf\" target=\"_blank\" rel=\"noopener\">DIREKTORIAUS VEIKLOS ATASKAITA 2017 m<\/a><\/span><\/li>\n<li><span style=\"font-size: 12pt;\"><a href=\"https:\/\/www.baisogala.radviliskis.lm.lt\/wp-content\/uploads\/2020\/01\/Baisogalos-gimnazijos-direktoriaus-2016-m.-veiklos-ataskaita.pdf\" target=\"_blank\" rel=\"noopener\">DIREKTORIAUS VEIKLOS ATASKAITA 2016 m.<\/a><\/span><\/li>\n<li><span style=\"font-size: 12pt;\"><a href=\"https:\/\/www.baisogala.radviliskis.lm.lt\/wp-content\/uploads\/2020\/01\/Direktoriaus-veiklos-ataskaita-2015.pdf\" target=\"_blank\" rel=\"noopener\">DIREKTORIAUS VEIKLOS ATASKAITA 2015 m.<\/a><\/span><\/li>\n<li><span style=\"font-size: 12pt;\"><a href=\"https:\/\/www.baisogala.radviliskis.lm.lt\/wp-content\/uploads\/2020\/01\/Direktoriaus-ataskaita-2014.pdf\" target=\"_blank\" rel=\"noopener\">DIREKTORIAUS VEIKLOS ATASKAITA 2014 m.<\/a><\/span><\/li>\n<\/ul>\n","protected":false},"excerpt":{"rendered":"<p>2026 m. VEIKLOS L\u016aKES\u010cIAI&nbsp; GIMNAZIJOS VEIKLOS ATASKAITA 2025 m. DIREKTOR\u0116S VEIKLOS ATASKAITA 2025 m. L\u0116\u0160OS, SKIRTOS VADOV\u0116LIAMS IR KITOMS MOKYMO PRIEMON\u0116MS 2019-2024 m. 2024 m. ATASKAIT\u0172 RINKINYS GIMNAZIJOS VEIKLOS ATASKAITA 2024 m. DIREKTORIAUS VEIKLOS ATASKAITA 2024 m. GIMNAZIJOS VEIKLOS ATASKAITA &hellip; <a href=\"https:\/\/www.baisogala.radviliskis.lm.lt\/?page_id=8601\">Skaityti daugiau <span class=\"meta-nav\">&rarr;<\/span><\/a><\/p>\n","protected":false},"author":1,"featured_media":0,"parent":0,"menu_order":0,"comment_status":"closed","ping_status":"closed","template":"","meta":{"ngg_post_thumbnail":0,"footnotes":"","_links_to":"","_links_to_target":""},"class_list":["post-8601","page","type-page","status-publish","hentry"],"_links":{"self":[{"href":"https:\/\/www.baisogala.radviliskis.lm.lt\/index.php?rest_route=\/wp\/v2\/pages\/8601","targetHints":{"allow":["GET"]}}],"collection":[{"href":"https:\/\/www.baisogala.radviliskis.lm.lt\/index.php?rest_route=\/wp\/v2\/pages"}],"about":[{"href":"https:\/\/www.baisogala.radviliskis.lm.lt\/index.php?rest_route=\/wp\/v2\/types\/page"}],"author":[{"embeddable":true,"href":"https:\/\/www.baisogala.radviliskis.lm.lt\/index.php?rest_route=\/wp\/v2\/users\/1"}],"replies":[{"embeddable":true,"href":"https:\/\/www.baisogala.radviliskis.lm.lt\/index.php?rest_route=%2Fwp%2Fv2%2Fcomments&post=8601"}],"version-history":[{"count":47,"href":"https:\/\/www.baisogala.radviliskis.lm.lt\/index.php?rest_route=\/wp\/v2\/pages\/8601\/revisions"}],"predecessor-version":[{"id":13753,"href":"https:\/\/www.baisogala.radviliskis.lm.lt\/index.php?rest_route=\/wp\/v2\/pages\/8601\/revisions\/13753"}],"wp:attachment":[{"href":"https:\/\/www.baisogala.radviliskis.lm.lt\/index.php?rest_route=%2Fwp%2Fv2%2Fmedia&parent=8601"}],"curies":[{"name":"wp","href":"https:\/\/api.w.org\/{rel}","templated":true}]}}