{"id":84,"date":"2013-12-22T19:57:18","date_gmt":"2013-12-22T19:57:18","guid":{"rendered":"https:\/\/www.baisogala.radviliskis.lm.lt\/?page_id=84"},"modified":"2025-12-15T08:19:23","modified_gmt":"2025-12-15T08:19:23","slug":"pasiekimai","status":"publish","type":"page","link":"https:\/\/www.baisogala.radviliskis.lm.lt\/?page_id=84","title":{"rendered":"Pasiekimai"},"content":{"rendered":"<p style=\"text-align: center;\"><strong>BAISOGALOS GIMNAZIJOS OLIMPIAD\u0172, SPORTINI\u0172 VAR\u017dYB\u0172, KONKURS\u0172 NUGAL\u0116TOJAI<\/strong><\/p>\n<ul>\n<li><a href=\"https:\/\/www.baisogala.radviliskis.lm.lt\/wp-content\/uploads\/2025\/12\/2024-2025-m.m.-olimpiadu-nugaletojai.pdf\" target=\"_blank\" rel=\"noopener\">KONKURS\u0172, OLIMPIAD\u0172 NUGAL\u0116TOJAI 2024 &#8211; 2025 m. m.<\/a><\/li>\n<li><a href=\"https:\/\/www.baisogala.radviliskis.lm.lt\/wp-content\/uploads\/2024\/02\/nugaletojai-2023-2024.docx.pdf\" target=\"_blank\" rel=\"noopener\">KONKURS\u0172, OLIMPIAD\u0172 NUGAL\u0116TOJAI 2023 &#8211; 2024 m. m.<\/a><\/li>\n<li><a href=\"https:\/\/www.baisogala.radviliskis.lm.lt\/wp-content\/uploads\/2024\/02\/2022-2023-nugaletojai.docx-1.pdf\" target=\"_blank\" rel=\"noopener\">KONKURS\u0172, OLIMPIAD\u0172 NUGAL\u0116TOJAI 2022 &#8211; 2023 m. m.<\/a><\/li>\n<li><a href=\"https:\/\/www.baisogala.radviliskis.lm.lt\/wp-content\/uploads\/2022\/03\/prizininkai2022.pdf\" target=\"_blank\" rel=\"noopener\">KONKURS\u0172, OLIMPIAD\u0172 NUGAL\u0116TOJAI 2021 &#8211; 2022 m. m.<\/a><\/li>\n<li><a href=\"https:\/\/www.baisogala.radviliskis.lm.lt\/wp-content\/uploads\/2021\/10\/olimp-2020-2021.pdf\" target=\"_blank\" rel=\"noopener\">KONKURS\u0172, OLIMPIAD\u0172 NUGAL\u0116TOJAI&nbsp;2020 &#8211; 2021 m. m.<\/a><\/li>\n<li><a href=\"https:\/\/www.baisogala.radviliskis.lm.lt\/wp-content\/uploads\/2021\/10\/olImp-2019-2020.pdf\" target=\"_blank\" rel=\"noopener\">KONKURS\u0172, OLIMPIAD\u0172 NUGAL\u0116TOJAI&nbsp;2019 &#8211; 2020 m. m.<\/a><\/li>\n<li><a href=\"https:\/\/www.baisogala.radviliskis.lm.lt\/wp-content\/uploads\/2021\/10\/olimpiadu_nugaletojai_2018_2019.pdf\" target=\"_blank\" rel=\"noopener\">KONKURS\u0172, OLIMPIAD\u0172 NUGAL\u0116TOJAI&nbsp;2018 &#8211; 2019 m. m.<\/a><\/li>\n<li><a href=\"https:\/\/www.baisogala.radviliskis.lm.lt\/wp-content\/uploads\/2021\/10\/Olimpiadu-nugaletojai-2017-2018-m.-m..pdf\" target=\"_blank\" rel=\"noopener\">KONKURS\u0172, OLIMPIAD\u0172 NUGAL\u0116TOJAI&nbsp;2017 &#8211; 2018 m. m.<\/a><\/li>\n<li><a href=\"https:\/\/www.baisogala.radviliskis.lm.lt\/wp-content\/uploads\/2021\/10\/olimp-2016-2017.pdf\" target=\"_blank\" rel=\"noopener\">KONKURS\u0172, OLIMPIAD\u0172 NUGAL\u0116TOJAI 2016 &#8211; 2017 m. m.<\/a><\/li>\n<\/ul>\n","protected":false},"excerpt":{"rendered":"<p>BAISOGALOS GIMNAZIJOS OLIMPIAD\u0172, SPORTINI\u0172 VAR\u017dYB\u0172, KONKURS\u0172 NUGAL\u0116TOJAI KONKURS\u0172, OLIMPIAD\u0172 NUGAL\u0116TOJAI 2024 &#8211; 2025 m. m. KONKURS\u0172, OLIMPIAD\u0172 NUGAL\u0116TOJAI 2023 &#8211; 2024 m. m. KONKURS\u0172, OLIMPIAD\u0172 NUGAL\u0116TOJAI 2022 &#8211; 2023 m. m. KONKURS\u0172, OLIMPIAD\u0172 NUGAL\u0116TOJAI 2021 &#8211; 2022 m. m. KONKURS\u0172, &hellip; <a href=\"https:\/\/www.baisogala.radviliskis.lm.lt\/?page_id=84\">Skaityti daugiau <span class=\"meta-nav\">&rarr;<\/span><\/a><\/p>\n","protected":false},"author":1,"featured_media":0,"parent":76,"menu_order":4,"comment_status":"closed","ping_status":"closed","template":"","meta":{"ngg_post_thumbnail":0,"footnotes":"","_links_to":"","_links_to_target":""},"class_list":["post-84","page","type-page","status-publish","hentry"],"_links":{"self":[{"href":"https:\/\/www.baisogala.radviliskis.lm.lt\/index.php?rest_route=\/wp\/v2\/pages\/84","targetHints":{"allow":["GET"]}}],"collection":[{"href":"https:\/\/www.baisogala.radviliskis.lm.lt\/index.php?rest_route=\/wp\/v2\/pages"}],"about":[{"href":"https:\/\/www.baisogala.radviliskis.lm.lt\/index.php?rest_route=\/wp\/v2\/types\/page"}],"author":[{"embeddable":true,"href":"https:\/\/www.baisogala.radviliskis.lm.lt\/index.php?rest_route=\/wp\/v2\/users\/1"}],"replies":[{"embeddable":true,"href":"https:\/\/www.baisogala.radviliskis.lm.lt\/index.php?rest_route=%2Fwp%2Fv2%2Fcomments&post=84"}],"version-history":[{"count":80,"href":"https:\/\/www.baisogala.radviliskis.lm.lt\/index.php?rest_route=\/wp\/v2\/pages\/84\/revisions"}],"predecessor-version":[{"id":13538,"href":"https:\/\/www.baisogala.radviliskis.lm.lt\/index.php?rest_route=\/wp\/v2\/pages\/84\/revisions\/13538"}],"up":[{"embeddable":true,"href":"https:\/\/www.baisogala.radviliskis.lm.lt\/index.php?rest_route=\/wp\/v2\/pages\/76"}],"wp:attachment":[{"href":"https:\/\/www.baisogala.radviliskis.lm.lt\/index.php?rest_route=%2Fwp%2Fv2%2Fmedia&parent=84"}],"curies":[{"name":"wp","href":"https:\/\/api.w.org\/{rel}","templated":true}]}}