{"id":3963,"date":"2018-04-11T07:51:22","date_gmt":"2018-04-11T07:51:22","guid":{"rendered":"https:\/\/www.baisogala.radviliskis.lm.lt\/?page_id=3963"},"modified":"2026-04-14T11:54:49","modified_gmt":"2026-04-14T11:54:49","slug":"darbo-uzmokestis","status":"publish","type":"page","link":"https:\/\/www.baisogala.radviliskis.lm.lt\/?page_id=3963","title":{"rendered":"Darbo u\u017emokestis"},"content":{"rendered":"<p>Priskai\u010diuoto darbo u\u017emokes\u010dio vidurkis (su priedais ir priemokomis eurais) neatskai\u010dius mokes\u010di\u0173<\/p>\n<table style=\"width: 0%; height: 552px;\" width=\"894\">\n<tbody>\n<tr style=\"height: 120px;\">\n<td style=\"width: 25.7812%; height: 120px;\" width=\"364\">Pareigyb\u0117s pavadinimas<\/td>\n<td style=\"width: 20.3125%; height: 120px;\" width=\"119\">Darbuotoj\u0173 skai\u010dius (etatai)<\/td>\n<td style=\"width: 20%; height: 120px;\" width=\"117\">2025 m. metinis vidutinis darbo u\u017emokestis<\/td>\n<td style=\"width: 16.875%; height: 120px;\" width=\"153\">2026<br \/>\nm. I ketvirtis (Eur.)<\/td>\n<td style=\"width: 4.21875%; height: 120px;\" width=\"141\">2026 m. II ketvirtis (Eur.)<\/td>\n<td style=\"width: 2.10938%; height: 120px;\">2026 m. III ketvirtis (Eur.)<\/td>\n<td style=\"width: 2.10938%; height: 120px;\">2026 m. IV ketvirtis (Eur.)<\/td>\n<\/tr>\n<tr style=\"height: 24px;\">\n<td style=\"width: 25.7812%; height: 24px;\" width=\"364\">Administracija&nbsp;&nbsp;<\/td>\n<td style=\"width: 20.3125%; height: 24px;\" width=\"119\">3(3)<\/td>\n<td style=\"width: 20%; height: 24px;\" width=\"117\">4941,38<\/td>\n<td style=\"width: 16.875%; height: 24px;\" width=\"153\">4959,79<\/td>\n<td style=\"width: 4.21875%; height: 24px;\" width=\"141\">&nbsp;<\/td>\n<td style=\"width: 2.10938%; height: 24px;\">&nbsp;<\/td>\n<td style=\"width: 2.10938%; height: 24px;\">&nbsp;<\/td>\n<\/tr>\n<tr style=\"height: 24px;\">\n<td style=\"width: 25.7812%; height: 24px;\" width=\"364\">Mokytojai<\/td>\n<td style=\"width: 20.3125%; height: 24px;\" width=\"119\">38 (30,44)<\/td>\n<td style=\"width: 20%; height: 24px;\" width=\"117\">2573,12<\/td>\n<td style=\"width: 16.875%; height: 24px;\" width=\"153\">3275,84<\/td>\n<td style=\"width: 4.21875%; height: 24px;\" width=\"141\">&nbsp;<\/td>\n<td style=\"width: 2.10938%; height: 24px;\">&nbsp;<\/td>\n<td style=\"width: 2.10938%; height: 24px;\">&nbsp;<\/td>\n<\/tr>\n<tr style=\"height: 144px;\">\n<td style=\"width: 25.7812%; height: 144px;\" width=\"364\">Pedagoginiai darbuotojai teikiantys pedagogin\u0119 pagalb\u0105 mokiniams<\/td>\n<td style=\"width: 20.3125%; height: 144px;\" width=\"119\">3 (3,55)<\/td>\n<td style=\"width: 20%; height: 144px;\" width=\"117\">2496,36<\/td>\n<td style=\"width: 16.875%; height: 144px;\" width=\"153\">2905,06<\/td>\n<td style=\"width: 4.21875%; height: 144px;\" width=\"141\">&nbsp;<\/td>\n<td style=\"width: 2.10938%; height: 144px;\">&nbsp;<\/td>\n<td style=\"width: 2.10938%; height: 144px;\">&nbsp;<\/td>\n<\/tr>\n<tr>\n<td style=\"width: 25.7812%;\">Grup\u0117s mokytojo pad\u0117j\u0117jai, mokinio<br \/>\npad\u0117j\u0117jai<\/td>\n<td style=\"width: 20.3125%;\">12(8,05)<\/td>\n<td style=\"width: 20%;\">1716,21<\/td>\n<td style=\"width: 16.875%;\">1598,37<\/td>\n<td style=\"width: 4.21875%;\">&nbsp;<\/td>\n<td style=\"width: 2.10938%;\">&nbsp;<\/td>\n<td style=\"width: 2.10938%;\">&nbsp;<\/td>\n<\/tr>\n<tr style=\"height: 48px;\">\n<td style=\"width: 25.7812%; height: 48px;\" width=\"364\">Bibliotekos darbuotojai<\/td>\n<td style=\"width: 20.3125%; height: 48px;\" width=\"119\">2 (1,2)<\/td>\n<td style=\"width: 20%; height: 48px;\" width=\"117\">1466,65<\/td>\n<td style=\"width: 16.875%; height: 48px;\" width=\"153\">1479,20<\/td>\n<td style=\"width: 4.21875%; height: 48px;\" width=\"141\">&nbsp;<\/td>\n<td style=\"width: 2.10938%; height: 48px;\">&nbsp;<\/td>\n<td style=\"width: 2.10938%; height: 48px;\">&nbsp;<\/td>\n<\/tr>\n<tr style=\"height: 120px;\">\n<td style=\"width: 25.7812%; height: 120px;\" width=\"364\">Specialistai (darb\u0173 saugos, sekretor\u0117, kompiuteri\u0173 specialistai)<\/td>\n<td style=\"width: 20.3125%; height: 120px;\" width=\"119\">4 (3,5)<\/td>\n<td style=\"width: 20%; height: 120px;\" width=\"117\">1634,46<\/td>\n<td style=\"width: 16.875%; height: 120px;\" width=\"153\">1830,54<\/td>\n<td style=\"width: 4.21875%; height: 120px;\" width=\"141\">&nbsp;<\/td>\n<td style=\"width: 2.10938%; height: 120px;\">&nbsp;<\/td>\n<td style=\"width: 2.10938%; height: 120px;\">&nbsp;<\/td>\n<\/tr>\n<tr style=\"height: 24px;\">\n<td style=\"width: 25.7812%; height: 24px;\" width=\"364\">Sargai<\/td>\n<td style=\"width: 20.3125%; height: 24px;\" width=\"119\">4 (3,5)<\/td>\n<td style=\"width: 20%; height: 24px;\" width=\"117\">1324,27<\/td>\n<td style=\"width: 16.875%; height: 24px;\" width=\"153\">1404,17<\/td>\n<td style=\"width: 4.21875%; height: 24px;\" width=\"141\">&nbsp;<\/td>\n<td style=\"width: 2.10938%; height: 24px;\">&nbsp;<\/td>\n<td style=\"width: 2.10938%; height: 24px;\">&nbsp;<\/td>\n<\/tr>\n<tr style=\"height: 48px;\">\n<td style=\"width: 25.7812%; height: 48px;\" width=\"364\">Aptarnaujantis personalas<\/td>\n<td style=\"width: 20.3125%; height: 48px;\" width=\"119\">28 (22,90)<\/td>\n<td style=\"width: 20%; height: 48px;\" width=\"117\">1244,58<\/td>\n<td style=\"width: 16.875%; height: 48px;\" width=\"153\">1401,36<\/td>\n<td style=\"width: 4.21875%; height: 48px;\" width=\"141\">&nbsp;<\/td>\n<td style=\"width: 2.10938%; height: 48px;\">&nbsp;<\/td>\n<td style=\"width: 2.10938%; height: 48px;\">&nbsp;<\/td>\n<\/tr>\n<\/tbody>\n<\/table>\n<p><!--more--><\/p>\n<p><!--more--><\/p>\n","protected":false},"excerpt":{"rendered":"<p>Priskai\u010diuoto darbo u\u017emokes\u010dio vidurkis (su priedais ir priemokomis eurais) neatskai\u010dius mokes\u010di\u0173 Pareigyb\u0117s pavadinimas Darbuotoj\u0173 skai\u010dius (etatai) 2025 m. metinis vidutinis darbo u\u017emokestis 2026 m. I ketvirtis (Eur.) 2026 m. II ketvirtis (Eur.) 2026 m. III ketvirtis (Eur.) 2026 m. IV &hellip; <a href=\"https:\/\/www.baisogala.radviliskis.lm.lt\/?page_id=3963\">Skaityti daugiau <span class=\"meta-nav\">&rarr;<\/span><\/a><\/p>\n","protected":false},"author":1,"featured_media":0,"parent":76,"menu_order":6,"comment_status":"closed","ping_status":"closed","template":"","meta":{"ngg_post_thumbnail":0,"footnotes":"","_links_to":"","_links_to_target":""},"class_list":["post-3963","page","type-page","status-publish","hentry"],"_links":{"self":[{"href":"https:\/\/www.baisogala.radviliskis.lm.lt\/index.php?rest_route=\/wp\/v2\/pages\/3963","targetHints":{"allow":["GET"]}}],"collection":[{"href":"https:\/\/www.baisogala.radviliskis.lm.lt\/index.php?rest_route=\/wp\/v2\/pages"}],"about":[{"href":"https:\/\/www.baisogala.radviliskis.lm.lt\/index.php?rest_route=\/wp\/v2\/types\/page"}],"author":[{"embeddable":true,"href":"https:\/\/www.baisogala.radviliskis.lm.lt\/index.php?rest_route=\/wp\/v2\/users\/1"}],"replies":[{"embeddable":true,"href":"https:\/\/www.baisogala.radviliskis.lm.lt\/index.php?rest_route=%2Fwp%2Fv2%2Fcomments&post=3963"}],"version-history":[{"count":88,"href":"https:\/\/www.baisogala.radviliskis.lm.lt\/index.php?rest_route=\/wp\/v2\/pages\/3963\/revisions"}],"predecessor-version":[{"id":13981,"href":"https:\/\/www.baisogala.radviliskis.lm.lt\/index.php?rest_route=\/wp\/v2\/pages\/3963\/revisions\/13981"}],"up":[{"embeddable":true,"href":"https:\/\/www.baisogala.radviliskis.lm.lt\/index.php?rest_route=\/wp\/v2\/pages\/76"}],"wp:attachment":[{"href":"https:\/\/www.baisogala.radviliskis.lm.lt\/index.php?rest_route=%2Fwp%2Fv2%2Fmedia&parent=3963"}],"curies":[{"name":"wp","href":"https:\/\/api.w.org\/{rel}","templated":true}]}}