{"id":13866,"date":"2026-03-20T11:03:37","date_gmt":"2026-03-20T11:03:37","guid":{"rendered":"https:\/\/www.baisogala.radviliskis.lm.lt\/?page_id=13866"},"modified":"2026-03-23T10:21:51","modified_gmt":"2026-03-23T10:21:51","slug":"korupcine-prevencija","status":"publish","type":"page","link":"https:\/\/www.baisogala.radviliskis.lm.lt\/?page_id=13866","title":{"rendered":"Korupcijos prevencija"},"content":{"rendered":"<ul>\n<li><a href=\"https:\/\/www.baisogala.radviliskis.lm.lt\/wp-content\/uploads\/2026\/03\/2025-2026-m.-korupcijos-prevencijos-priemoniu-planas.pdf\" target=\"_blank\" rel=\"noopener\">KORUPCIJOS PREVENCIJOS PLANAS 2025-2026 M.<\/a><\/li>\n<li><a href=\"https:\/\/www.baisogala.radviliskis.lm.lt\/wp-content\/uploads\/2026\/03\/2023-2024-m.-priemoniu-plano-igyvendinimo-ataskaita2025-01-24.pdf\" target=\"_blank\" rel=\"noopener\">PRIEMONI\u0172 PLANO \u012eGYVENDINIMO ATASKAITA 2024-2025 M.<\/a><\/li>\n<li><a href=\"https:\/\/www.baisogala.radviliskis.lm.lt\/wp-content\/uploads\/2026\/03\/2023-2024-m.-priemoniu-plano-igyvendinimo-ataskaita.2024-01-24.pdf\" target=\"_blank\" rel=\"noopener\">PRIEMONI\u0172 PLANO \u012eGYVENDINIMO ATASKAITA 2023-2024 M.<\/a><\/li>\n<li><a href=\"https:\/\/www.baisogala.radviliskis.lm.lt\/wp-content\/uploads\/2026\/03\/2023-2024-m.-korupcijos-prevencijos-priemoniu-planas.pdf\" target=\"_blank\" rel=\"noopener\">KORUPCIJOS PREVENCIJOS PLANAS 2023-2024 M.<\/a><\/li>\n<li><a href=\"https:\/\/www.baisogala.radviliskis.lm.lt\/wp-content\/uploads\/2026\/03\/korupcijos_programa.pdf\" target=\"_blank\" rel=\"noopener\">KORUPCIJOS PREVENCIJOS PROGRAMA<\/a><\/li>\n<li><a href=\"https:\/\/www.baisogala.radviliskis.lm.lt\/wp-content\/uploads\/2026\/03\/Isakymas.pdf\" target=\"_blank\" rel=\"noopener\">KORUPCIJOS PREVENCIJOS PROGRAMOS \u012eSAKYMAS<\/a><\/li>\n<li><a href=\"https:\/\/www.baisogala.radviliskis.lm.lt\/wp-content\/uploads\/2026\/03\/Pranesk-apie-korupcija.pdf\" target=\"_blank\" rel=\"noopener\">PRANE\u0160K APIE KORUPCIJ\u0104<\/a><\/li>\n<\/ul>\n","protected":false},"excerpt":{"rendered":"<p>KORUPCIJOS PREVENCIJOS PLANAS 2025-2026 M. PRIEMONI\u0172 PLANO \u012eGYVENDINIMO ATASKAITA 2024-2025 M. PRIEMONI\u0172 PLANO \u012eGYVENDINIMO ATASKAITA 2023-2024 M. KORUPCIJOS PREVENCIJOS PLANAS 2023-2024 M. KORUPCIJOS PREVENCIJOS PROGRAMA KORUPCIJOS PREVENCIJOS PROGRAMOS \u012eSAKYMAS PRANE\u0160K APIE KORUPCIJ\u0104<\/p>\n","protected":false},"author":2,"featured_media":0,"parent":0,"menu_order":0,"comment_status":"closed","ping_status":"closed","template":"","meta":{"ngg_post_thumbnail":0,"footnotes":"","_links_to":"","_links_to_target":""},"class_list":["post-13866","page","type-page","status-publish","hentry"],"_links":{"self":[{"href":"https:\/\/www.baisogala.radviliskis.lm.lt\/index.php?rest_route=\/wp\/v2\/pages\/13866","targetHints":{"allow":["GET"]}}],"collection":[{"href":"https:\/\/www.baisogala.radviliskis.lm.lt\/index.php?rest_route=\/wp\/v2\/pages"}],"about":[{"href":"https:\/\/www.baisogala.radviliskis.lm.lt\/index.php?rest_route=\/wp\/v2\/types\/page"}],"author":[{"embeddable":true,"href":"https:\/\/www.baisogala.radviliskis.lm.lt\/index.php?rest_route=\/wp\/v2\/users\/2"}],"replies":[{"embeddable":true,"href":"https:\/\/www.baisogala.radviliskis.lm.lt\/index.php?rest_route=%2Fwp%2Fv2%2Fcomments&post=13866"}],"version-history":[{"count":8,"href":"https:\/\/www.baisogala.radviliskis.lm.lt\/index.php?rest_route=\/wp\/v2\/pages\/13866\/revisions"}],"predecessor-version":[{"id":13920,"href":"https:\/\/www.baisogala.radviliskis.lm.lt\/index.php?rest_route=\/wp\/v2\/pages\/13866\/revisions\/13920"}],"wp:attachment":[{"href":"https:\/\/www.baisogala.radviliskis.lm.lt\/index.php?rest_route=%2Fwp%2Fv2%2Fmedia&parent=13866"}],"curies":[{"name":"wp","href":"https:\/\/api.w.org\/{rel}","templated":true}]}}