{"id":124,"date":"2013-12-22T20:15:50","date_gmt":"2013-12-22T20:15:50","guid":{"rendered":"https:\/\/www.baisogala.radviliskis.lm.lt\/?page_id=124"},"modified":"2023-10-17T09:14:44","modified_gmt":"2023-10-17T09:14:44","slug":"socialine-pedagoge","status":"publish","type":"page","link":"https:\/\/www.baisogala.radviliskis.lm.lt\/?page_id=124","title":{"rendered":"Socialinis pedagogas"},"content":{"rendered":"<p style=\"text-align: center;\"><span style=\"font-size: 14px; font-family: georgia, palatino;\"><b>Baisogalos gimnazijos socialin\u0117 pedagog\u0117 metodinink\u0117<\/b><\/span><\/p>\n<p style=\"text-align: center;\"><span style=\"font-size: 14px; font-family: georgia, palatino;\"><strong>Danut\u0117 Garuckien\u0117<\/strong><\/span><\/p>\n<p style=\"text-align: center;\"><span style=\"font-size: 14px; font-family: georgia, palatino;\">115 kabinetas<\/span><\/p>\n<table cellspacing=\"0\" cellpadding=\"0\" align=\"center\">\n<tbody>\n<tr>\n<td colspan=\"2\" width=\"274\">\n<p align=\"center\"><span style=\"font-size: 14px; font-family: georgia, palatino;\"><b>Darbo laikas<\/b><\/span><\/p>\n<\/td>\n<td style=\"width: 162px;\" rowspan=\"6\" align=\"center\" valign=\"top\"><span style=\"font-size: 14px; font-family: georgia, palatino;\"><b>&nbsp;<\/b><\/span><\/p>\n<p align=\"center\"><span style=\"font-size: 14px; font-family: georgia, palatino;\"><b>Piet\u0173 pertrauka<\/b><\/span><\/p>\n<p align=\"center\"><span style=\"font-size: 14px; font-family: georgia, palatino;\"><b>12.00-12.30<\/b><\/span><\/p>\n<p align=\"center\"><span style=\"font-size: 14px; font-family: georgia, palatino;\"><b>&nbsp;<\/b><\/span><\/p>\n<p align=\"center\"><span style=\"font-size: 14px; font-family: georgia, palatino;\"><b>Pastaba: <\/b>esant poreikiui konsultacij\u0173 laikas gali keistis.<b><\/b><\/span><\/p>\n<\/td>\n<td colspan=\"2\">\n<p align=\"center\"><span style=\"font-size: 14px; font-family: georgia, palatino;\"><b>Konsultacij\u0173 laikas<\/b><\/span><\/p>\n<\/td>\n<\/tr>\n<tr>\n<td valign=\"top\" width=\"122\">\n<p align=\"center\"><span style=\"font-size: 14px; font-family: georgia, palatino;\"><b>Pirmadienis<\/b><\/span><\/p>\n<\/td>\n<td style=\"width: 192px;\" valign=\"top\">\n<p align=\"center\"><span style=\"font-size: 14px; font-family: georgia, palatino;\"><b>8.00 &#8211; 16.00<\/b><\/span><\/p>\n<\/td>\n<td valign=\"top\">\n<p align=\"center\"><span style=\"font-size: 14px; font-family: georgia, palatino;\"><b>Pirmadienis<\/b><\/span><\/p>\n<\/td>\n<td valign=\"top\">\n<p align=\"center\"><span style=\"font-size: 14px; font-family: georgia, palatino;\"><b>9.00&nbsp; &#8211; 14.00<\/b><\/span><\/p>\n<\/td>\n<\/tr>\n<tr>\n<td valign=\"top\" width=\"122\">\n<p align=\"center\"><span style=\"font-size: 14px; font-family: georgia, palatino;\"><b>Antradienis<\/b><\/span><\/p>\n<\/td>\n<td style=\"width: 192px;\" align=\"center\" valign=\"top\">\n<p align=\"center\"><span style=\"font-size: 14px; font-family: georgia, palatino;\"><b>8.00 &#8211; 16.00<\/b><\/span><\/p>\n<\/td>\n<td valign=\"top\">\n<p align=\"center\"><span style=\"font-size: 14px; font-family: georgia, palatino;\"><b>Antradienis<\/b><\/span><\/p>\n<\/td>\n<td valign=\"top\">\n<p align=\"center\"><span style=\"font-size: 14px; font-family: georgia, palatino;\"><b>9.00&nbsp; &#8211; 14.00<\/b><\/span><\/p>\n<\/td>\n<\/tr>\n<tr>\n<td valign=\"top\" width=\"122\">\n<p align=\"center\"><span style=\"font-size: 14px; font-family: georgia, palatino;\"><b>Tre\u010diadienis<\/b><\/span><\/p>\n<\/td>\n<td style=\"width: 192px;\" valign=\"top\">\n<p align=\"center\"><span style=\"font-size: 14px; font-family: georgia, palatino;\"><b>8.00 &#8211; 16.00<\/b><\/span><\/p>\n<\/td>\n<td valign=\"top\">\n<p align=\"center\"><span style=\"font-size: 14px; font-family: georgia, palatino;\"><b>Tre\u010diadienis<\/b><\/span><\/p>\n<\/td>\n<td style=\"width: 172px;\" valign=\"top\">\n<p align=\"center\"><span style=\"font-size: 14px; font-family: georgia, palatino;\"><b>9.00&nbsp; &#8211; 14.00<\/b><\/span><\/p>\n<\/td>\n<\/tr>\n<tr>\n<td style=\"width: 102px;\" valign=\"top\">\n<p align=\"center\"><span style=\"font-size: 14px; font-family: georgia, palatino;\"><b>Ketvirtadienis<\/b><\/span><\/p>\n<\/td>\n<td style=\"width: 192px;\" valign=\"top\">\n<p align=\"center\"><span style=\"font-size: 14px; font-family: georgia, palatino;\"><b>8.00 &#8211; 16.00<\/b><\/span><\/p>\n<\/td>\n<td valign=\"top\">\n<p align=\"center\"><span style=\"font-size: 14px; font-family: georgia, palatino;\"><b>Ketvirtadienis<\/b><\/span><\/p>\n<\/td>\n<td valign=\"top\">\n<p align=\"center\"><span style=\"font-size: 14px; font-family: georgia, palatino;\"><b>9.00&nbsp; &#8211; 14.00<\/b><\/span><\/p>\n<\/td>\n<\/tr>\n<tr>\n<td style=\"width: 0px;\" valign=\"top\">\n<p align=\"center\"><span style=\"font-size: 14px; font-family: georgia, palatino;\"><b>Penktadienis<\/b><\/span><\/p>\n<\/td>\n<td style=\"width: 192px;\" valign=\"top\">\n<p align=\"center\"><span style=\"font-size: 14px; font-family: georgia, palatino;\"><b>8.00 &#8211; 14.30<\/b><\/span><\/p>\n<\/td>\n<td valign=\"top\">\n<p align=\"center\"><span style=\"font-size: 14px; font-family: georgia, palatino;\"><b>Penktadienis<\/b><\/span><\/p>\n<\/td>\n<td valign=\"top\">\n<p align=\"center\"><span style=\"font-size: 14px; font-family: georgia, palatino;\"><b>Nekontaktin\u0117 diena<\/b><\/span><\/p>\n<\/td>\n<\/tr>\n<\/tbody>\n<\/table>\n<p style=\"text-align: justify;\"><b>S<span style=\"font-size: 14px; font-family: georgia, palatino;\">ocialinis pedagogas <\/span><\/b><span style=\"font-size: medium; font-family: georgia, palatino;\">\u2013 vaiko socialinis asistentas, jo gerov\u0117s advokatas. <\/span><\/p>\n<p style=\"text-align: justify;\"><span style=\"font-size: 14px; font-family: georgia, palatino;\"><b>Socialinio pedagogo darbo tikslas <\/b>\u2013 atsi\u017evelgiant \u012f kiekvieno mokinio galimybes, poreikius, geb\u0117jimus ir ateities perspektyvas, teikti kokybi\u0161k\u0105, efektyvi\u0105 ir lanks\u010di\u0105 socialin\u0119-pedagogin\u0119 pagalb\u0105 skirting\u0173 geb\u0117jim\u0173 bei poreiki\u0173 mokiniams, bendradarbiaujant su mokytojais, mokini\u0173 t\u0117vais bei pagalb\u0105 teikian\u010diomis institucijomis.<\/span><\/p>\n<ul>\n<li style=\"text-align: justify;\"><span style=\"font-size: 14px; font-family: georgia, palatino;\"><b>\u012e kiekvien\u0105 \u017emog\u0173 \u017ei\u016briu kaip \u012f savit\u0105 ir nepakartojam\u0105. Priimu Jus tokius, kokie esate.<\/b><\/span><\/li>\n<li style=\"text-align: justify;\"><span style=\"font-size: 14px; font-family: georgia, palatino;\"><b>I\u0161klausau neteisdama ir nesmerkdama. Visi turime teis\u0119 \u012f atvir\u0105 ir nuo\u0161ird\u0173 bendravim\u0105.<\/b><\/span><\/li>\n<li style=\"text-align: justify;\"><span style=\"font-size: 14px; font-family: georgia, palatino;\"><b>Saugau ir laikau paslaptyje man patik\u0117tus J\u016bs\u0173 d\u017eiaugsmus, r\u016bpes\u010dius, svajones.<\/b><\/span><\/li>\n<li style=\"text-align: justify;\"><span style=\"font-size: 14px; font-family: georgia, palatino;\"><b>Bes\u0105lygi\u0161kai gerbiu kiekvien\u0105&nbsp; i\u0161 J\u016bs\u0173.<\/b><\/span><\/li>\n<li style=\"text-align: justify;\"><span style=\"font-size: 14px; font-family: georgia, palatino;\"><b>Stengiuosi pasteb\u0117ti li\u016bdint\u012f, i\u0161girsti verkiant\u012f, i\u0161klausyti kiekvien\u0105, kam reikalinga mano pagalba.<\/b><\/span><\/li>\n<li style=\"text-align: justify;\"><span style=\"font-size: 14px; font-family: georgia, palatino;\"><b>Man svarbu, kad gimnazija b\u016bt\u0173 ta vieta, kuri su\u0161ildo kiekvien\u0105 besimokant\u012f ir suteikia tik gerus prisiminimus&#8230;<\/b><\/span><\/li>\n<\/ul>\n<table border=\"1\" cellspacing=\"0\" cellpadding=\"0\">\n<tbody>\n<tr>\n<td valign=\"top\" width=\"170\">\n<p align=\"center\"><span style=\"font-size: 14px; font-family: georgia, palatino;\"><b>Socialinis pedagogas padeda vaikui:<\/b><\/span><\/p>\n<ul>\n<li><span style=\"font-size: 14px; font-family: georgia, palatino;\">tapti visateisiu visuomen\u0117s nariu, lengviau socializuotis bendruomen\u0117je;<b><\/b><\/span><\/li>\n<li><span style=\"font-size: 14px; font-family: georgia, palatino;\">pritapti prie \u012fvairi\u0173 gyvenimo permain\u0173;<b><\/b><\/span><\/li>\n<li><span style=\"font-size: 14px; font-family: georgia, palatino;\">mokytis pasiprie\u0161inti smurtui, prievartai mokykloje ir \u0161eimoje;<b><\/b><\/span><\/li>\n<li><span style=\"font-size: 14px; font-family: georgia, palatino;\">ugdytis socialinius \u012fg\u016bd\u017eius to stokojantiems mokiniams;<b><\/b><\/span><\/li>\n<li><span style=\"font-size: 14px; font-family: georgia, palatino;\">su\u017einoti savo pareigas, teises, gerbti \u012fstatymus ir laikytis j\u0173;<b><\/b><\/span><\/li>\n<li><span style=\"font-size: 14px; font-family: georgia, palatino;\">\u012fsitraukti \u012f socialin\u012f, kult\u016brin\u012f, sportin\u012f gyvenim\u0105;<b><\/b><\/span><\/li>\n<li><span style=\"font-size: 14px; font-family: georgia, palatino;\">suvokti pasekmes neatliekant pareig\u0173 ir nesilaikant elgesio taisykli\u0173.<b><\/b><\/span><\/li>\n<\/ul>\n<\/td>\n<td valign=\"top\" width=\"236\">\n<p align=\"center\"><span style=\"font-size: 14px; font-family: georgia, palatino;\"><b>Socialinio pedagogo santykiai su mokyklos mokytojais ir kitais specialistais:<\/b><\/span><\/p>\n<ul>\n<li><span style=\"font-size: 14px; font-family: georgia, palatino;\">socialinis pedagogas gauna informacij\u0105 i\u0161 klasi\u0173 vadov\u0173, mokytoj\u0173 apie mokini\u0173 mokymosi ir gyvenimo sunkumus bei konsultuoja kolegas d\u0117l darbo su destruktyvaus ir delinkventi\u0161ko elgesio mokiniais; Socialinis pedagogas nedubliuoja klas\u0117s vadovo veiklos, bet j\u0105 papildo;<b><\/b><\/span><\/li>\n<li><span style=\"font-size: 14px; font-family: georgia, palatino;\">\u012fvertina ugdytini\u0173 socialines problemas;<b><\/b><\/span><\/li>\n<li><span style=\"font-size: 14px; font-family: georgia, palatino;\">planuoja ir dalyvauja socialin\u0117s pagalbos teikimo ugdytiniams procese;<b><\/b><\/span><\/li>\n<li><span style=\"font-size: 14px; font-family: georgia, palatino;\">organizuoja socialini\u0173 gyvenimo \u012fg\u016bd\u017ei\u0173 <b>&nbsp;<\/b>ugdymo u\u017esi\u0117mimus mokiniams;<b><\/b><\/span><\/li>\n<li><span style=\"font-size: 14px; font-family: georgia, palatino;\">vykdo nusikalstamumo, mokyklos nelankymo, alkoholio, tabako ir kit\u0173 psichik\u0105 veikian\u010di\u0173 med\u017eiag\u0173 vartojimo, smurto, savi\u017eudybi\u0173 bei kit\u0173 neigiam\u0173 socialini\u0173 rei\u0161kini\u0173 prevencij\u0105 kartu su mokyklos ir kit\u0173 institucij\u0173 specialistais;<b><\/b><\/span><\/li>\n<\/ul>\n<\/td>\n<td valign=\"top\" width=\"180\">\n<p align=\"center\"><span style=\"font-size: 14px; font-family: georgia, palatino;\"><b>Socialinio pedagogo santykiai su mokini\u0173 t\u0117vais (glob\u0117jais, r\u016bpintojais):<\/b><\/span><\/p>\n<ul>\n<li><span style=\"font-size: 14px; font-family: georgia, palatino;\">socialinis pedagogas bendrauja su t\u0117vais\/glob\u0117jais tuo atveju, kai klas\u0117s vadovas patyr\u0117 dideli\u0173 keblum\u0173 spr\u0119sdamas mokini\u0173 socialines problemas, gindamas j\u0173 teises, kai artimiausia mokinio aplinka jam pasidar\u0117 nesaugi, kai mokinys nelanko mokyklos ir pan.;<b><\/b><\/span><\/li>\n<li><span style=\"font-size: 14px; font-family: georgia, palatino;\">veda T\u0117vyst\u0117s \u012fg\u016bd\u017ei\u0173 ugdymo<b> <\/b>u\u017esi\u0117mimus;<b><\/b><\/span><\/li>\n<li><span style=\"font-size: 14px; font-family: georgia, palatino;\">informuoja t\u0117vus\/glob\u0117jus apie vaiko socialin\u0117s apsaugos \u012fstatymus ir t\u0117v\u0173 atsakomyb\u0119 u\u017e vaik\u0105.<b><\/b><\/span><\/li>\n<\/ul>\n<p><span style=\"font-size: 14px; font-family: georgia, palatino;\"><b>&nbsp;<\/b><\/span><\/td>\n<td valign=\"top\" width=\"141\">\n<p align=\"center\"><span style=\"font-size: 14px; font-family: georgia, palatino;\"><b>Socialinio pedagogo santykiai su mokyklos vadovais:<\/b><\/span><\/p>\n<ul>\n<li><span style=\"font-size: 14px; font-family: georgia, palatino;\">socialinis pedagogas nuolat informuoja &nbsp;mokyklos direktori\u0173 apie mokini\u0173 problemas mokykloje ir rekomenduoja bei numato priemones pad\u0117\u010diai mokyklos bendruomen\u0117je gerinti;<b><\/b><\/span><\/li>\n<li><span style=\"font-size: 14px; font-family: georgia, palatino;\">socialinis pedagogas atstovauja mokyklos<b> <\/b>vadovus teisme, vaiko teisi\u0173 apsaugos tarnyboje ir kitose institucijose, kur reikia ginti mokinio interesus.<\/span><b><\/b><\/li>\n<\/ul>\n<\/td>\n<\/tr>\n<\/tbody>\n<\/table>\n<p style=\"text-align: justify;\"><span style=\"font-size: 14px; font-family: georgia, palatino;\"><b>Mokiniams ir j\u0173 t\u0117vams (glob\u0117jams, r\u016bpintojams) pagalb\u0105 teikia ir konsultuoja:<\/b><\/span><\/p>\n<p style=\"text-align: left;\"><span style=\"font-size: 14px; font-family: georgia, palatino;\">Vaiko teisi\u0173 apsaugos skyrius <a href=\"http:\/\/www.radviliskis.lt\/Paslaugos40788434548\" target=\"_blank\" rel=\"noopener\">http:\/\/www.radviliskis.lt\/Paslaugos40788434548<br \/>\n<\/a><\/span><span style=\"font-size: 14px; font-family: georgia, palatino;\">Radvili\u0161kio socialin\u0117s paramos skyrius <a href=\"http:\/\/www.radviliskis.lt\/Paslaugos40788944650\" target=\"_blank\" rel=\"noopener\">http:\/\/www.radviliskis.lt\/Paslaugos40788944650<br \/>\n<\/a><\/span><span style=\"font-size: 14px; font-family: georgia, palatino;\">Radvili\u0161kio r. Pedagogin\u0117 psichologin\u0117 tarnyba <a href=\"http:\/\/www.radviliskioppt.lt\/\" target=\"_blank\" rel=\"noopener\">http:\/\/www.radviliskioppt.lt\/<br \/>\n<\/a><\/span><span style=\"font-size: 14px; font-family: georgia, palatino;\">Radvili\u0161kio r. Psichikos sveikatos centras <a href=\"http:\/\/www.medicina.lt\/imones\/Radvili%C5%A1kio-r-psichikos-sveikatos-centras\/2025077\" target=\"_blank\" rel=\"noopener\">http:\/\/www.medicina.lt\/imones\/Radvili%C5%A1kio-r-psichikos-sveikatos-centras\/2025077<\/a><\/span><\/p>\n<p style=\"text-align: right;\" align=\"right\">&nbsp;<\/p>\n","protected":false},"excerpt":{"rendered":"<p>Baisogalos gimnazijos socialin\u0117 pedagog\u0117 metodinink\u0117 Danut\u0117 Garuckien\u0117 115 kabinetas Darbo laikas &nbsp; Piet\u0173 pertrauka 12.00-12.30 &nbsp; Pastaba: esant poreikiui konsultacij\u0173 laikas gali keistis. Konsultacij\u0173 laikas Pirmadienis 8.00 &#8211; 16.00 Pirmadienis 9.00&nbsp; &#8211; 14.00 Antradienis 8.00 &#8211; 16.00 Antradienis 9.00&nbsp; &#8211; &hellip; <a href=\"https:\/\/www.baisogala.radviliskis.lm.lt\/?page_id=124\">Skaityti daugiau <span class=\"meta-nav\">&rarr;<\/span><\/a><\/p>\n","protected":false},"author":1,"featured_media":0,"parent":108,"menu_order":9,"comment_status":"closed","ping_status":"closed","template":"","meta":{"ngg_post_thumbnail":0,"footnotes":"","_links_to":"","_links_to_target":""},"class_list":["post-124","page","type-page","status-publish","hentry"],"_links":{"self":[{"href":"https:\/\/www.baisogala.radviliskis.lm.lt\/index.php?rest_route=\/wp\/v2\/pages\/124","targetHints":{"allow":["GET"]}}],"collection":[{"href":"https:\/\/www.baisogala.radviliskis.lm.lt\/index.php?rest_route=\/wp\/v2\/pages"}],"about":[{"href":"https:\/\/www.baisogala.radviliskis.lm.lt\/index.php?rest_route=\/wp\/v2\/types\/page"}],"author":[{"embeddable":true,"href":"https:\/\/www.baisogala.radviliskis.lm.lt\/index.php?rest_route=\/wp\/v2\/users\/1"}],"replies":[{"embeddable":true,"href":"https:\/\/www.baisogala.radviliskis.lm.lt\/index.php?rest_route=%2Fwp%2Fv2%2Fcomments&post=124"}],"version-history":[{"count":40,"href":"https:\/\/www.baisogala.radviliskis.lm.lt\/index.php?rest_route=\/wp\/v2\/pages\/124\/revisions"}],"predecessor-version":[{"id":10734,"href":"https:\/\/www.baisogala.radviliskis.lm.lt\/index.php?rest_route=\/wp\/v2\/pages\/124\/revisions\/10734"}],"up":[{"embeddable":true,"href":"https:\/\/www.baisogala.radviliskis.lm.lt\/index.php?rest_route=\/wp\/v2\/pages\/108"}],"wp:attachment":[{"href":"https:\/\/www.baisogala.radviliskis.lm.lt\/index.php?rest_route=%2Fwp%2Fv2%2Fmedia&parent=124"}],"curies":[{"name":"wp","href":"https:\/\/api.w.org\/{rel}","templated":true}]}}