{"id":122,"date":"2013-12-22T20:15:18","date_gmt":"2013-12-22T18:15:18","guid":{"rendered":"https:\/\/www.baisogala.radviliskis.lm.lt\/?page_id=122"},"modified":"2024-02-23T08:30:48","modified_gmt":"2024-02-23T08:30:48","slug":"psichologe","status":"publish","type":"page","link":"https:\/\/www.baisogala.radviliskis.lm.lt\/?page_id=122","title":{"rendered":"Psichologas"},"content":{"rendered":"<p><span style=\"font-size: 14px; font-family: georgia, palatino;\"><b><span style=\"text-decoration: underline;\">Mokiniai ir j\u0173 t\u0117vai (glob\u0117jai) pagalb\u0105 gali gauti:<br \/>\n<\/span><\/b><b>Psichologin\u0117 pagalba <span style=\"text-decoration: underline;\">Radvili\u0161kio <\/span>rajone:<\/b><\/span><\/p>\n<p><span style=\"font-size: 14px; font-family: georgia, palatino;\">Pedagogin\u0117 psichologin\u0117 tarnyba (0 422) 60029<\/span><\/p>\n<p>&nbsp;\u0160iauli\u0173 apskrities vaiko teisi\u0173 apsaugos skyrius Radvili\u0161kio rajone veikia adresu Gedimino g. 36, LT-82174 Radvili\u0161kis (II a. \u012f\u0117jimas per \u0161onines duris).<\/p>\n<p><em>Kontaktai:<\/em><\/p>\n<ul>\n<li>Larisa Paurien\u0117 (patar\u0117ja), tel. +370 617 37 383,&nbsp; El. p.<em><u>&nbsp;<\/u><\/em><a href=\"mailto:larisa.pauriene@vaikoteises.lt\"><em>larisa.pauriene@vaikoteises.lt<\/em><\/a><\/li>\n<li>Laimonas Gaubis (vyr. spec. teisininkas), tel. +370 611 89 953, el. p. <a href=\"mailto:laimonas.gaubis@vaikoteises.lt\"><em>laimonas.gaubis@vaikoteises.lt<\/em><\/a><\/li>\n<li>Vaida Rimk\u016bnien\u0117 (vyr. spec. gyn\u0117ja), tel. +370 619 68 967, el. p. <a href=\"mailto:vaida.rimkuniene@vaikoteises.lt\"><em>vaida.rimkuniene@vaikoteises.lt<\/em><\/a><\/li>\n<li>Skirmunda Jankevi\u010dien\u0117 (vyr. spec. gyn\u0117ja), tel. +370 610 93 897, el. p. <a href=\"mailto:skirmunda.jankeviciene@vaikoteises.lt\"><em>skirmunda.jankeviciene@vaikoteises.lt<\/em><\/a><\/li>\n<li>Algimantas Augulis (vyr. spec. gyn\u0117jas), tel. +370 613 76 787, el. p. <a href=\"mailto:algimantas.augulis@vaikoteises.lt\"><em>algimantas.augulis@vaikoteises.lt<\/em><\/a><\/li>\n<li>Erika Patiej\u016bnien\u0117 (vyr. spec. gyn\u0117ja), tel. +370 613 12 362, el. p. <a href=\"mailto:erika.patiejuniene@vaikoteises.lt\"><em>erika.patiejuniene@vaikoteises.lt<\/em><\/a><\/li>\n<li>Lina \u0160tankelien\u0117 (vyr. spec. gyn\u0117ja), tel. +370 615 68 869, el. p. <a href=\"mailto:lina.stankeliene@vaikoteises.lt\"><em>lina.stankeliene@vaikoteises.lt<\/em><\/a><\/li>\n<\/ul>\n<p><span style=\"font-size: 14px; font-family: georgia, palatino;\">Socialin\u0117s paramos skyrius (0 422) 69 033<br \/>\nPsichikos sveikatos centras (0 422) 51149<\/span><\/p>\n<p><span style=\"font-size: 14px; font-family: georgia, palatino;\"><b>Psichologin\u0117s pagalbos telefonai:<\/b><\/span><\/p>\n<p><span style=\"font-size: 14px; font-family: georgia, palatino;\">Vaik\u0173 linija <a href=\"http:\/\/www.vaikulinija.lt\/\" target=\"_blank\" rel=\"noopener\">www.vaikulinija.lt&nbsp;<\/a> +370 800 11111<br \/>\nJaunimo linija <a href=\"http:\/\/www.jaunimolinija.lt\/\" target=\"_blank\" rel=\"noopener\">www.jaunimolinija.lt<\/a>&nbsp; +370 800 28888<br \/>\nVilties linija, psichologin\u0117 pagalba suaugusiems <a href=\"http:\/\/www.kpsc.lt\/lt\/apie-istaiga\/\" target=\"_blank\" rel=\"noopener\">www.kpsc.lt&nbsp;<\/a>&nbsp; +370 800 60700<br \/>\nPagalbos moterims linija +370 800 66366<br \/>\nPanev\u0117\u017eio paguodos telefonas +370 45 500965<br \/>\nVilniaus moter\u0173 nam\u0173 krizi\u0173 centras&nbsp; +370 800 22008<br \/>\nVaiko raidos centras +370 527 57564<\/span><\/p>\n","protected":false},"excerpt":{"rendered":"<p>Mokiniai ir j\u0173 t\u0117vai (glob\u0117jai) pagalb\u0105 gali gauti: Psichologin\u0117 pagalba Radvili\u0161kio rajone: Pedagogin\u0117 psichologin\u0117 tarnyba (0 422) 60029 &nbsp;\u0160iauli\u0173 apskrities vaiko teisi\u0173 apsaugos skyrius Radvili\u0161kio rajone veikia adresu Gedimino g. 36, LT-82174 Radvili\u0161kis (II a. \u012f\u0117jimas per \u0161onines duris). Kontaktai: &hellip; <a href=\"https:\/\/www.baisogala.radviliskis.lm.lt\/?page_id=122\">Skaityti daugiau <span class=\"meta-nav\">&rarr;<\/span><\/a><\/p>\n","protected":false},"author":1,"featured_media":0,"parent":108,"menu_order":7,"comment_status":"closed","ping_status":"closed","template":"","meta":{"ngg_post_thumbnail":0,"footnotes":"","_links_to":"","_links_to_target":""},"class_list":["post-122","page","type-page","status-publish","hentry"],"_links":{"self":[{"href":"https:\/\/www.baisogala.radviliskis.lm.lt\/index.php?rest_route=\/wp\/v2\/pages\/122","targetHints":{"allow":["GET"]}}],"collection":[{"href":"https:\/\/www.baisogala.radviliskis.lm.lt\/index.php?rest_route=\/wp\/v2\/pages"}],"about":[{"href":"https:\/\/www.baisogala.radviliskis.lm.lt\/index.php?rest_route=\/wp\/v2\/types\/page"}],"author":[{"embeddable":true,"href":"https:\/\/www.baisogala.radviliskis.lm.lt\/index.php?rest_route=\/wp\/v2\/users\/1"}],"replies":[{"embeddable":true,"href":"https:\/\/www.baisogala.radviliskis.lm.lt\/index.php?rest_route=%2Fwp%2Fv2%2Fcomments&post=122"}],"version-history":[{"count":18,"href":"https:\/\/www.baisogala.radviliskis.lm.lt\/index.php?rest_route=\/wp\/v2\/pages\/122\/revisions"}],"predecessor-version":[{"id":11233,"href":"https:\/\/www.baisogala.radviliskis.lm.lt\/index.php?rest_route=\/wp\/v2\/pages\/122\/revisions\/11233"}],"up":[{"embeddable":true,"href":"https:\/\/www.baisogala.radviliskis.lm.lt\/index.php?rest_route=\/wp\/v2\/pages\/108"}],"wp:attachment":[{"href":"https:\/\/www.baisogala.radviliskis.lm.lt\/index.php?rest_route=%2Fwp%2Fv2%2Fmedia&parent=122"}],"curies":[{"name":"wp","href":"https:\/\/api.w.org\/{rel}","templated":true}]}}