{"id":120,"date":"2013-12-22T20:14:40","date_gmt":"2013-12-22T18:14:40","guid":{"rendered":"https:\/\/www.baisogala.radviliskis.lm.lt\/?page_id=120"},"modified":"2025-11-10T08:39:40","modified_gmt":"2025-11-10T08:39:40","slug":"metodines-grupes","status":"publish","type":"page","link":"https:\/\/www.baisogala.radviliskis.lm.lt\/?page_id=120","title":{"rendered":"Mokytoj\u0173 taryba"},"content":{"rendered":"<p class=\"x_MsoNormal\">1. <strong>R\u016bta Nekra\u0161ien\u0117<\/strong>&nbsp; \u2012 mokytoj\u0173 tarybos pirminink\u0117;<\/p>\n<p class=\"x_MsoNormal\">2. <strong>Asta Vai\u010di\u016bnien\u0117<\/strong> \u2013 kalb\u0173 ir istorijos metodin\u0117 grup\u0117;<\/p>\n<p class=\"x_MsoNormal\">3. <strong>Ri\u010dardas Jonaitis<\/strong> \u2013 tiksli\u0173j\u0173, socialini\u0173 ir gamtos moksl\u0173 metodin\u0117 grup\u0117;<\/p>\n<p class=\"x_MsoNormal\">4. <strong>Audron\u0117 Kud\u017emait\u0117<\/strong> \u2013 men\u0173, technologij\u0173, dorinio ir fizinio ugdymo metodinio grup\u0117;<\/p>\n<p class=\"x_MsoNormal\">5. <strong>Renata \u017dikarien\u0117<\/strong> \u2013 pagalbos mokiniui specialist\u0173 metodin\u0117 grup\u0117;<\/p>\n<p class=\"x_MsoNormal\">6. <strong>Danguol\u0117 Kavaliauskien\u0117<\/strong> \u2013 Poci\u016bn\u0117li\u0173 sk. metodin\u0117 grup\u0117;<\/p>\n<p>7. <b>Inga Balinskait\u0117 <\/b>&#8211; mokytoj\u0173 tarybos sekretor\u0117.<\/p>\n","protected":false},"excerpt":{"rendered":"<p>1. R\u016bta Nekra\u0161ien\u0117&nbsp; \u2012 mokytoj\u0173 tarybos pirminink\u0117; 2. Asta Vai\u010di\u016bnien\u0117 \u2013 kalb\u0173 ir istorijos metodin\u0117 grup\u0117; 3. Ri\u010dardas Jonaitis \u2013 tiksli\u0173j\u0173, socialini\u0173 ir gamtos moksl\u0173 metodin\u0117 grup\u0117; 4. Audron\u0117 Kud\u017emait\u0117 \u2013 men\u0173, technologij\u0173, dorinio ir fizinio ugdymo metodinio grup\u0117; 5. &hellip; <a href=\"https:\/\/www.baisogala.radviliskis.lm.lt\/?page_id=120\">Skaityti daugiau <span class=\"meta-nav\">&rarr;<\/span><\/a><\/p>\n","protected":false},"author":1,"featured_media":0,"parent":108,"menu_order":6,"comment_status":"closed","ping_status":"closed","template":"","meta":{"ngg_post_thumbnail":0,"footnotes":"","_links_to":"","_links_to_target":""},"class_list":["post-120","page","type-page","status-publish","hentry"],"_links":{"self":[{"href":"https:\/\/www.baisogala.radviliskis.lm.lt\/index.php?rest_route=\/wp\/v2\/pages\/120","targetHints":{"allow":["GET"]}}],"collection":[{"href":"https:\/\/www.baisogala.radviliskis.lm.lt\/index.php?rest_route=\/wp\/v2\/pages"}],"about":[{"href":"https:\/\/www.baisogala.radviliskis.lm.lt\/index.php?rest_route=\/wp\/v2\/types\/page"}],"author":[{"embeddable":true,"href":"https:\/\/www.baisogala.radviliskis.lm.lt\/index.php?rest_route=\/wp\/v2\/users\/1"}],"replies":[{"embeddable":true,"href":"https:\/\/www.baisogala.radviliskis.lm.lt\/index.php?rest_route=%2Fwp%2Fv2%2Fcomments&post=120"}],"version-history":[{"count":29,"href":"https:\/\/www.baisogala.radviliskis.lm.lt\/index.php?rest_route=\/wp\/v2\/pages\/120\/revisions"}],"predecessor-version":[{"id":13396,"href":"https:\/\/www.baisogala.radviliskis.lm.lt\/index.php?rest_route=\/wp\/v2\/pages\/120\/revisions\/13396"}],"up":[{"embeddable":true,"href":"https:\/\/www.baisogala.radviliskis.lm.lt\/index.php?rest_route=\/wp\/v2\/pages\/108"}],"wp:attachment":[{"href":"https:\/\/www.baisogala.radviliskis.lm.lt\/index.php?rest_route=%2Fwp%2Fv2%2Fmedia&parent=120"}],"curies":[{"name":"wp","href":"https:\/\/api.w.org\/{rel}","templated":true}]}}