{"id":118,"date":"2013-12-22T20:14:11","date_gmt":"2013-12-22T18:14:11","guid":{"rendered":"https:\/\/www.baisogala.radviliskis.lm.lt\/?page_id=118"},"modified":"2025-10-27T09:28:37","modified_gmt":"2025-10-27T09:28:37","slug":"klasiu-aukletojai","status":"publish","type":"page","link":"https:\/\/www.baisogala.radviliskis.lm.lt\/?page_id=118","title":{"rendered":"Klasi\u0173 vadovai"},"content":{"rendered":"<p style=\"text-align: center;\" align=\"center\">&nbsp;<\/p>\n<table style=\"border-collapse: collapse;\" border=\"0\" cellspacing=\"0\" cellpadding=\"0\">\n<tbody>\n<tr>\n<td>\n<p align=\"center\"><span style=\"font-size: 12pt; font-family: georgia, palatino;\">5a &#8211;<\/span><\/p>\n<\/td>\n<td><span style=\"font-size: 12pt;\"><span style=\"font-weight: 400;\"><span data-olk-copy-source=\"MessageBody\">Ieva Sadzevi\u010di\u016bt\u0117<\/span><\/span><\/span><\/td>\n<\/tr>\n<tr>\n<td>\n<p align=\"center\"><span style=\"font-size: 12pt; font-family: georgia, palatino;\">5b &#8211;<\/span><\/p>\n<\/td>\n<td><span style=\"font-size: 12pt;\"><span style=\"font-weight: 400;\"><span data-olk-copy-source=\"MessageBody\">Ieva Sadzevi\u010di\u016bt\u0117<\/span><\/span><\/span><\/td>\n<\/tr>\n<tr>\n<td>\n<p align=\"center\"><span style=\"font-size: 12pt; font-family: georgia, palatino;\">6a &#8211;<\/span><\/p>\n<\/td>\n<td><span style=\"font-size: 12pt;\"><span style=\"font-weight: 400;\">Rasa<\/span><\/span> Danilavi\u010d\u0117<\/td>\n<\/tr>\n<tr>\n<td>\n<p align=\"center\"><span style=\"font-size: 12pt; font-family: georgia, palatino;\">6b&nbsp; &#8211;<\/span><\/p>\n<\/td>\n<td><span style=\"font-size: 12pt;\"><span style=\"font-weight: 400;\">Rasa Danilavi\u010d\u0117<\/span><\/span><\/td>\n<\/tr>\n<tr>\n<td>\n<p align=\"center\"><span style=\"font-size: 12pt; font-family: georgia, palatino;\">7a &#8211;<\/span><\/p>\n<\/td>\n<td><span style=\"font-size: 12pt;\">Diana Masili\u016bnien\u0117<\/span><\/td>\n<\/tr>\n<tr>\n<td>\n<p align=\"center\"><span style=\"font-size: 12pt; font-family: georgia, palatino;\">7b&nbsp; &#8211;<\/span><\/p>\n<\/td>\n<td><span style=\"font-size: 12pt;\">Diana Masili\u016bnien\u0117<\/span><\/td>\n<\/tr>\n<tr>\n<td>\n<p align=\"center\"><span style=\"font-size: 12pt; font-family: georgia, palatino;\">8a&nbsp; &#8211;<\/span><\/p>\n<\/td>\n<td><span style=\"font-size: 12pt;\">J\u016brat\u0117 Ka\u010diukevi\u010dien\u0117<\/span><\/td>\n<\/tr>\n<tr>\n<td>\n<p align=\"center\"><span style=\"font-size: 12pt; font-family: georgia, palatino;\">8b&nbsp; &#8211;<\/span><\/p>\n<\/td>\n<td><span data-olk-copy-source=\"MessageBody\">Lilijana Bagdonien\u0117<\/span><\/td>\n<\/tr>\n<tr>\n<td>\n<p align=\"center\"><span style=\"font-size: 12pt; font-family: georgia, palatino;\">Ia g&nbsp; &#8211;<\/span><\/p>\n<\/td>\n<td><span style=\"font-size: 12pt;\">Birut\u0117 Ru\u0161ien\u0117<\/span><\/td>\n<\/tr>\n<tr>\n<td>\n<p align=\"center\"><span style=\"font-size: 12pt; font-family: georgia, palatino;\">Ib g &#8211;<\/span><\/p>\n<\/td>\n<td><span style=\"font-size: 12pt;\">Birut\u0117 Ru\u0161ien\u0117<\/span><\/td>\n<\/tr>\n<tr>\n<td>\n<p align=\"center\"><span style=\"font-size: 12pt; font-family: georgia, palatino;\">II g &#8211;<\/span><\/p>\n<\/td>\n<td><span style=\"font-size: 12pt; font-family: georgia, palatino;\">Inga Balinskait\u0117<\/span><\/td>\n<\/tr>\n<tr>\n<td>\n<p align=\"center\"><span style=\"font-size: 12pt; font-family: georgia, palatino;\">IIIa g &#8211;<\/span><\/p>\n<\/td>\n<td><span style=\"font-size: 12pt; font-family: georgia, palatino;\">Violeta Petronien\u0117<\/span><\/td>\n<\/tr>\n<tr>\n<td>\n<p align=\"center\"><span style=\"font-size: 12pt; font-family: georgia, palatino;\">&nbsp;IIIb g&nbsp; &#8211;<\/span><\/p>\n<\/td>\n<td><span style=\"font-size: 12pt; font-family: georgia, palatino;\">Audron\u0117 Kud\u017emait\u0117<\/span><\/td>\n<\/tr>\n<tr>\n<td>\n<p align=\"center\"><span style=\"font-size: 12pt; font-family: georgia, palatino;\">IVa g &#8211;<\/span><\/p>\n<\/td>\n<td><span style=\"font-size: 12pt; font-family: georgia, palatino;\">Jolanta \u0160pokien\u0117<\/span><\/td>\n<\/tr>\n<tr>\n<td>\n<p align=\"center\"><span style=\"font-size: 12pt; font-family: georgia, palatino;\">IVb g&nbsp; &#8211;<\/span><\/p>\n<\/td>\n<td><span style=\"font-size: 12pt; font-family: georgia, palatino;\">Inga Nainien\u0117<\/span><\/td>\n<\/tr>\n<\/tbody>\n<\/table>\n","protected":false},"excerpt":{"rendered":"<p>&nbsp; 5a &#8211; Ieva Sadzevi\u010di\u016bt\u0117 5b &#8211; Ieva Sadzevi\u010di\u016bt\u0117 6a &#8211; Rasa Danilavi\u010d\u0117 6b&nbsp; &#8211; Rasa Danilavi\u010d\u0117 7a &#8211; Diana Masili\u016bnien\u0117 7b&nbsp; &#8211; Diana Masili\u016bnien\u0117 8a&nbsp; &#8211; J\u016brat\u0117 Ka\u010diukevi\u010dien\u0117 8b&nbsp; &#8211; Lilijana Bagdonien\u0117 Ia g&nbsp; &#8211; Birut\u0117 Ru\u0161ien\u0117 Ib g &hellip; <a href=\"https:\/\/www.baisogala.radviliskis.lm.lt\/?page_id=118\">Skaityti daugiau <span class=\"meta-nav\">&rarr;<\/span><\/a><\/p>\n","protected":false},"author":1,"featured_media":0,"parent":108,"menu_order":5,"comment_status":"closed","ping_status":"closed","template":"","meta":{"ngg_post_thumbnail":0,"footnotes":"","_links_to":"","_links_to_target":""},"class_list":["post-118","page","type-page","status-publish","hentry"],"_links":{"self":[{"href":"https:\/\/www.baisogala.radviliskis.lm.lt\/index.php?rest_route=\/wp\/v2\/pages\/118","targetHints":{"allow":["GET"]}}],"collection":[{"href":"https:\/\/www.baisogala.radviliskis.lm.lt\/index.php?rest_route=\/wp\/v2\/pages"}],"about":[{"href":"https:\/\/www.baisogala.radviliskis.lm.lt\/index.php?rest_route=\/wp\/v2\/types\/page"}],"author":[{"embeddable":true,"href":"https:\/\/www.baisogala.radviliskis.lm.lt\/index.php?rest_route=\/wp\/v2\/users\/1"}],"replies":[{"embeddable":true,"href":"https:\/\/www.baisogala.radviliskis.lm.lt\/index.php?rest_route=%2Fwp%2Fv2%2Fcomments&post=118"}],"version-history":[{"count":33,"href":"https:\/\/www.baisogala.radviliskis.lm.lt\/index.php?rest_route=\/wp\/v2\/pages\/118\/revisions"}],"predecessor-version":[{"id":13324,"href":"https:\/\/www.baisogala.radviliskis.lm.lt\/index.php?rest_route=\/wp\/v2\/pages\/118\/revisions\/13324"}],"up":[{"embeddable":true,"href":"https:\/\/www.baisogala.radviliskis.lm.lt\/index.php?rest_route=\/wp\/v2\/pages\/108"}],"wp:attachment":[{"href":"https:\/\/www.baisogala.radviliskis.lm.lt\/index.php?rest_route=%2Fwp%2Fv2%2Fmedia&parent=118"}],"curies":[{"name":"wp","href":"https:\/\/api.w.org\/{rel}","templated":true}]}}