{"id":116,"date":"2013-12-22T20:13:42","date_gmt":"2013-12-22T20:13:42","guid":{"rendered":"https:\/\/www.baisogala.radviliskis.lm.lt\/?page_id=116"},"modified":"2025-10-27T10:49:45","modified_gmt":"2025-10-27T10:49:45","slug":"mokiniu-savivalda","status":"publish","type":"page","link":"https:\/\/www.baisogala.radviliskis.lm.lt\/?page_id=116","title":{"rendered":"Mokini\u0173 taryba"},"content":{"rendered":"<div>\n<div><span style=\"font-size: 12pt;\"><b>Pirminink\u0117 &#8211; Dileta Damasickyt\u0117<\/b>&nbsp;IIIa g. kl.&nbsp;<\/span><\/div>\n<div><span style=\"font-size: 12pt;\"><b>&nbsp;<\/b><\/span><\/div>\n<div><span style=\"font-size: 12pt;\"><b>Nariai:&nbsp;<\/b><\/span><\/div>\n<div><span style=\"font-size: 12pt;\"><b>1. Titas Grigorenka<\/b>&nbsp;IIIa g. kl.<\/span><\/div>\n<div><span style=\"font-size: 12pt;\"><b>2. Valerija Teider<\/b>&nbsp;IIIa g. kl.<\/span><\/div>\n<div><span style=\"font-size: 12pt;\"><b>3. Ieva Grigali\u016bnait\u0117<\/b>&nbsp;IIIb g. kl.<\/span><\/div>\n<div><span style=\"font-size: 12pt;\"><b>4. Brigita Tamulionyt\u0117<\/b>&nbsp;IIIb g. kl.<\/span><\/div>\n<div>&nbsp;<\/div>\n<div><span style=\"font-size: 12pt;\">MT kurator\u0117 &#8211; Renata \u017dikarien\u0117<\/span><\/div>\n<div>&nbsp;<\/div>\n<div>&nbsp;<\/div>\n<div style=\"text-align: center;\"><span style=\"font-size: 12pt;\"><b>RADVILI\u0160KIO RAJONO BAISOGALOS GIMNAZIJOS&nbsp;<\/b><\/span><\/div>\n<div style=\"text-align: center;\"><span style=\"font-size: 12pt;\"><b>&nbsp;MOKINI\u0172 SAVIVALDOS IR MOKINI\u0172 TARYBOS<\/b><\/span><\/div>\n<div style=\"text-align: center;\"><span style=\"font-size: 12pt;\"><b>NUOSTATAI<\/b><\/span><\/div>\n<div><span style=\"font-size: 12pt;\"><b>&nbsp;<\/b><\/span><\/div>\n<div style=\"text-align: center;\">&nbsp;<\/div>\n<div style=\"text-align: center;\"><span style=\"font-size: 12pt;\"><b>I. MOKINI\u0172 SAVIVALDOS IR MOKINI\u0172 TARYBOS BENDROSIOS NUOSTATOS<\/b><\/span><\/div>\n<div style=\"text-align: justify;\"><span style=\"font-size: 12pt;\">1. Mokyklos mokini\u0173 savivalda \u2013 tai aktyviausi\u0173 gimnazijos mokini\u0173 komanda, kuri gimnazijoje inicijuoja ir organizuoja \u012fvairias mokini\u0173 veiklas (renginiai, konkursai, socialin\u0117s akcijos, diskusijos ir kt.), u\u017esi\u0117mimus, skatinan\u010dius bendruomeni\u0161kum\u0105, k\u016brybi\u0161kum\u0105 bei aktyv\u0173 dalyvavim\u0105 gimnazijos gyvenime.<\/span><\/div>\n<div style=\"text-align: justify;\"><span style=\"font-size: 12pt;\">2. Mokini\u0173 taryba \u2013 tai auk\u0161\u010diausia gimnazijos mokini\u0173 savivaldos institucija, kuri atstovauja mokini\u0173 interesams, sprend\u017eia mokiniams svarbias problemas, kartu formuoja jaunimo politik\u0105 bei prisideda prie jaukios gimnazijos aplinkos k\u016brimo, skatina ir ugdo pilieti\u0161kum\u0105.<\/span><\/div>\n<div style=\"text-align: justify;\"><span style=\"font-size: 12pt;\">3. Mokini\u0173 savivaldos ir Mokini\u0173 tarybos veikl\u0105 koordinuoja gimnazijos direktoriaus \u012fsakymu skirtas mokytojas ar kitas pedagoginis darbuotojas.<\/span><\/div>\n<div>&nbsp;<\/div>\n<div style=\"text-align: center;\"><span style=\"font-size: 12pt;\"><b>II. MOKINI\u0172 SAVIVALDOS IR MOKINI\u0172 &nbsp;TARYBOS&nbsp;<\/b><\/span><\/div>\n<div style=\"text-align: center;\"><span style=\"font-size: 12pt;\"><b>TIKSLAI IR U\u017dDAVINIAI<\/b><\/span><\/div>\n<div style=\"text-align: justify;\"><span style=\"font-size: 12pt;\">2.1. Atstovauti mokini\u0173 interesams gimnazijos bendruomen\u0117je;<\/span><\/div>\n<div style=\"text-align: justify;\"><span style=\"font-size: 12pt;\">2.2. Ugdyti mokini\u0173 pilieti\u0161kum\u0105, lyderyst\u0119, k\u016brybi\u0161kum\u0105 ir individualum\u0105;<\/span><\/div>\n<div style=\"text-align: justify;\"><span style=\"font-size: 12pt;\">2.3. Pad\u0117ti mokiniams spr\u0119sti kylan\u010dius i\u0161\u0161\u016bkius ir problemas;<\/span><\/div>\n<div style=\"text-align: justify;\"><span style=\"font-size: 12pt;\">2.4. Inicijuoti ir organizuoti popamokin\u0119 veikl\u0105 gimnazijoje bei skatinti mokinius aktyviai joje dalyvauti;<\/span><\/div>\n<div style=\"text-align: justify;\"><span style=\"font-size: 12pt;\">2.5. Bendradarbiauti su Lietuvos, rajono mokini\u0173 savivaldos institucijomis, socialiniais partneriais organizuojant renginius, u\u017esi\u0117mimus, \u012fvairias veiklas gimnazijoje.<\/span><\/div>\n<\/div>\n","protected":false},"excerpt":{"rendered":"<p>Pirminink\u0117 &#8211; Dileta Damasickyt\u0117&nbsp;IIIa g. kl.&nbsp; &nbsp; Nariai:&nbsp; 1. Titas Grigorenka&nbsp;IIIa g. kl. 2. Valerija Teider&nbsp;IIIa g. kl. 3. Ieva Grigali\u016bnait\u0117&nbsp;IIIb g. kl. 4. Brigita Tamulionyt\u0117&nbsp;IIIb g. kl. &nbsp; MT kurator\u0117 &#8211; Renata \u017dikarien\u0117 &nbsp; &nbsp; RADVILI\u0160KIO RAJONO BAISOGALOS GIMNAZIJOS&nbsp; &hellip; <a href=\"https:\/\/www.baisogala.radviliskis.lm.lt\/?page_id=116\">Skaityti daugiau <span class=\"meta-nav\">&rarr;<\/span><\/a><\/p>\n","protected":false},"author":1,"featured_media":0,"parent":108,"menu_order":4,"comment_status":"closed","ping_status":"closed","template":"","meta":{"ngg_post_thumbnail":0,"footnotes":"","_links_to":"","_links_to_target":""},"class_list":["post-116","page","type-page","status-publish","hentry"],"_links":{"self":[{"href":"https:\/\/www.baisogala.radviliskis.lm.lt\/index.php?rest_route=\/wp\/v2\/pages\/116","targetHints":{"allow":["GET"]}}],"collection":[{"href":"https:\/\/www.baisogala.radviliskis.lm.lt\/index.php?rest_route=\/wp\/v2\/pages"}],"about":[{"href":"https:\/\/www.baisogala.radviliskis.lm.lt\/index.php?rest_route=\/wp\/v2\/types\/page"}],"author":[{"embeddable":true,"href":"https:\/\/www.baisogala.radviliskis.lm.lt\/index.php?rest_route=\/wp\/v2\/users\/1"}],"replies":[{"embeddable":true,"href":"https:\/\/www.baisogala.radviliskis.lm.lt\/index.php?rest_route=%2Fwp%2Fv2%2Fcomments&post=116"}],"version-history":[{"count":56,"href":"https:\/\/www.baisogala.radviliskis.lm.lt\/index.php?rest_route=\/wp\/v2\/pages\/116\/revisions"}],"predecessor-version":[{"id":13333,"href":"https:\/\/www.baisogala.radviliskis.lm.lt\/index.php?rest_route=\/wp\/v2\/pages\/116\/revisions\/13333"}],"up":[{"embeddable":true,"href":"https:\/\/www.baisogala.radviliskis.lm.lt\/index.php?rest_route=\/wp\/v2\/pages\/108"}],"wp:attachment":[{"href":"https:\/\/www.baisogala.radviliskis.lm.lt\/index.php?rest_route=%2Fwp%2Fv2%2Fmedia&parent=116"}],"curies":[{"name":"wp","href":"https:\/\/api.w.org\/{rel}","templated":true}]}}