{"id":11570,"date":"2024-05-15T05:46:19","date_gmt":"2024-05-15T05:46:19","guid":{"rendered":"https:\/\/www.baisogala.radviliskis.lm.lt\/?page_id=11570"},"modified":"2024-05-15T05:47:34","modified_gmt":"2024-05-15T05:47:34","slug":"bendruomenes-pareigunu-kontaktai","status":"publish","type":"page","link":"https:\/\/www.baisogala.radviliskis.lm.lt\/?page_id=11570","title":{"rendered":"Bendruomen\u0117s pareig\u016bn\u0173 kontaktai"},"content":{"rendered":"<p>Karina B\u016btautien\u0117 tel. Nr. +37067257553, el.p.&nbsp;<a href=\"mailto:karina.butautiene@policija.lt\" target=\"_blank\" rel=\"noopener\">karina.butautiene@<wbr>policija.lt<\/a><\/p>\n<p>Jolita Tarb\u016bnien\u0117 tel. Nr. +37067576985, el.p.&nbsp;<a href=\"mailto:jolita.tarbuniene@policija.lt\" target=\"_blank\" rel=\"noopener\">jolita.tarbuniene@<wbr>policija.lt<\/a><\/p>\n","protected":false},"excerpt":{"rendered":"<p>Karina B\u016btautien\u0117 tel. Nr. +37067257553, el.p.&nbsp;karina.butautiene@policija.lt Jolita Tarb\u016bnien\u0117 tel. Nr. +37067576985, el.p.&nbsp;jolita.tarbuniene@policija.lt<\/p>\n","protected":false},"author":2,"featured_media":0,"parent":0,"menu_order":0,"comment_status":"closed","ping_status":"closed","template":"","meta":{"ngg_post_thumbnail":0,"footnotes":"","_links_to":"","_links_to_target":""},"class_list":["post-11570","page","type-page","status-publish","hentry"],"_links":{"self":[{"href":"https:\/\/www.baisogala.radviliskis.lm.lt\/index.php?rest_route=\/wp\/v2\/pages\/11570","targetHints":{"allow":["GET"]}}],"collection":[{"href":"https:\/\/www.baisogala.radviliskis.lm.lt\/index.php?rest_route=\/wp\/v2\/pages"}],"about":[{"href":"https:\/\/www.baisogala.radviliskis.lm.lt\/index.php?rest_route=\/wp\/v2\/types\/page"}],"author":[{"embeddable":true,"href":"https:\/\/www.baisogala.radviliskis.lm.lt\/index.php?rest_route=\/wp\/v2\/users\/2"}],"replies":[{"embeddable":true,"href":"https:\/\/www.baisogala.radviliskis.lm.lt\/index.php?rest_route=%2Fwp%2Fv2%2Fcomments&post=11570"}],"version-history":[{"count":3,"href":"https:\/\/www.baisogala.radviliskis.lm.lt\/index.php?rest_route=\/wp\/v2\/pages\/11570\/revisions"}],"predecessor-version":[{"id":11574,"href":"https:\/\/www.baisogala.radviliskis.lm.lt\/index.php?rest_route=\/wp\/v2\/pages\/11570\/revisions\/11574"}],"wp:attachment":[{"href":"https:\/\/www.baisogala.radviliskis.lm.lt\/index.php?rest_route=%2Fwp%2Fv2%2Fmedia&parent=11570"}],"curies":[{"name":"wp","href":"https:\/\/api.w.org\/{rel}","templated":true}]}}