{"id":11434,"date":"2024-04-04T09:33:48","date_gmt":"2024-04-04T09:33:48","guid":{"rendered":"https:\/\/www.baisogala.radviliskis.lm.lt\/?page_id=11434"},"modified":"2024-09-09T05:24:14","modified_gmt":"2024-09-09T05:24:14","slug":"itraukusis-ugdymas","status":"publish","type":"page","link":"https:\/\/www.baisogala.radviliskis.lm.lt\/?page_id=11434","title":{"rendered":"\u012etraukusis ugdymas"},"content":{"rendered":"<p><iframe loading=\"lazy\" title=\"YouTube video player\" src=\"\/\/www.youtube.com\/embed\/yIMU9YHTirs?si=nLS_4jGwO0yd4g-h\" width=\"830\" height=\"467\" frameborder=\"0\" allowfullscreen=\"allowfullscreen\"><\/iframe><\/p>\n<ul>\n<li><a href=\"https:\/\/smsm.lrv.lt\/lt\/veiklos-sritys-1\/smm-svietimas\/itraukusis-ugdymas\/\" target=\"_blank\" rel=\"noopener\"><span style=\"font-weight: 400;\"> \u0160VIETIMO, MOKSLO IR SPORTO MINISTERIJA ,,\u012eTRAUKUSIS UGDYMAS\u201c<\/span><\/a><\/li>\n<li><a href=\"https:\/\/www.mokykla2030.lt\/wp-content\/uploads\/2021\/06\/DEMESYS-KIEKVIENO-MOKINIO-MOKYMUISI-IR-PAZANGAI.pdf\" target=\"_blank\" rel=\"noopener\"><span style=\"font-weight: 400;\">D\u0116MESYS KIEKVIENO MOKINIO MOKYMUISI IR PA\u017dANGAI (ATNAUJINT\u0172 BP IR \u012eTRAUKTIES STIPRINIMO DERM\u0116 MOKYKLOJE)<\/span><\/a><\/li>\n<li><a href=\"https:\/\/www.emokykla.lt\/upload\/EMOKYKLA\/BP\/2022-10-10\/DIEGIMAS_Aurelija\/metodin%C4%97%20med%C5%BEiaga\/Mokymosi%20sutrikimai.pdf\" target=\"_blank\" rel=\"noopener\"><span style=\"font-weight: 400;\">REKOMENDACIJOS D\u0116L ATNAUJINT\u0172 BENDR\u0172J\u0172 PROGRAM\u0172 PRITAIKYMO MOKYMOSI SUTRIKIM\u0172 (BENDR\u0172J\u0172, SPECIFINI\u0172, NEVERBALINI\u0172) TURINTIEMS MOKINIAMS<\/span><\/a><\/li>\n<li><a href=\"https:\/\/vilniausppt.lt\/wp-content\/uploads\/2020\/11\/REKOMENDACIJOS-galutinis.pdf\" target=\"_blank\" rel=\"noopener\"><span style=\"font-weight: 400;\">\u012eTRAUKIOJO UGDYMO \u012eGYVENDINIMO BENDROJO UGDYMO MOKYKLOSE REKOMENDACIJOS<\/span><\/a><\/li>\n<li><a href=\"https:\/\/www.kitoksvaikas.lt\/wp-content\/uploads\/2020\/06\/REKOMENDACIJU%CC%A8-LEIDINYS.-Pasiruos%CC%8Cimas-darbui-su-vaikais-turinc%CC%8Ciais-autizmo-spektro-sutrikimu%CC%A8.pdf\" target=\"_blank\" rel=\"noopener\"><span style=\"font-weight: 400;\">PASIRUO\u0160IMAS DARBUI SU VAIKAIS, TURIN\u010cIAIS AUTIZMO SPEKTRO SUTRIKIM\u0172. MOKYTOJO VADOVAS<\/span><\/a><\/li>\n<li><a href=\"https:\/\/www.baisogala.radviliskis.lm.lt\/wp-content\/uploads\/2024\/09\/ATMINTINE_2024_mokykloms.pdf\" target=\"_blank\" rel=\"noopener\">ATMINTIN\u0116 MOKYKLOMS<\/a><\/li>\n<li><a href=\"https:\/\/www.baisogala.radviliskis.lm.lt\/wp-content\/uploads\/2024\/09\/ATMINTINE_2024_seimoms.pdf\" target=\"_blank\" rel=\"noopener\">ATMINTIN\u0116 \u0160EIMOMS<\/a><\/li>\n<\/ul>\n","protected":false},"excerpt":{"rendered":"<p>\u0160VIETIMO, MOKSLO IR SPORTO MINISTERIJA ,,\u012eTRAUKUSIS UGDYMAS\u201c D\u0116MESYS KIEKVIENO MOKINIO MOKYMUISI IR PA\u017dANGAI (ATNAUJINT\u0172 BP IR \u012eTRAUKTIES STIPRINIMO DERM\u0116 MOKYKLOJE) REKOMENDACIJOS D\u0116L ATNAUJINT\u0172 BENDR\u0172J\u0172 PROGRAM\u0172 PRITAIKYMO MOKYMOSI SUTRIKIM\u0172 (BENDR\u0172J\u0172, SPECIFINI\u0172, NEVERBALINI\u0172) TURINTIEMS MOKINIAMS \u012eTRAUKIOJO UGDYMO \u012eGYVENDINIMO BENDROJO UGDYMO MOKYKLOSE REKOMENDACIJOS &hellip; <a href=\"https:\/\/www.baisogala.radviliskis.lm.lt\/?page_id=11434\">Skaityti daugiau <span class=\"meta-nav\">&rarr;<\/span><\/a><\/p>\n","protected":false},"author":2,"featured_media":0,"parent":0,"menu_order":0,"comment_status":"closed","ping_status":"closed","template":"","meta":{"ngg_post_thumbnail":0,"footnotes":"","_links_to":"","_links_to_target":""},"class_list":["post-11434","page","type-page","status-publish","hentry"],"_links":{"self":[{"href":"https:\/\/www.baisogala.radviliskis.lm.lt\/index.php?rest_route=\/wp\/v2\/pages\/11434","targetHints":{"allow":["GET"]}}],"collection":[{"href":"https:\/\/www.baisogala.radviliskis.lm.lt\/index.php?rest_route=\/wp\/v2\/pages"}],"about":[{"href":"https:\/\/www.baisogala.radviliskis.lm.lt\/index.php?rest_route=\/wp\/v2\/types\/page"}],"author":[{"embeddable":true,"href":"https:\/\/www.baisogala.radviliskis.lm.lt\/index.php?rest_route=\/wp\/v2\/users\/2"}],"replies":[{"embeddable":true,"href":"https:\/\/www.baisogala.radviliskis.lm.lt\/index.php?rest_route=%2Fwp%2Fv2%2Fcomments&post=11434"}],"version-history":[{"count":7,"href":"https:\/\/www.baisogala.radviliskis.lm.lt\/index.php?rest_route=\/wp\/v2\/pages\/11434\/revisions"}],"predecessor-version":[{"id":11830,"href":"https:\/\/www.baisogala.radviliskis.lm.lt\/index.php?rest_route=\/wp\/v2\/pages\/11434\/revisions\/11830"}],"wp:attachment":[{"href":"https:\/\/www.baisogala.radviliskis.lm.lt\/index.php?rest_route=%2Fwp%2Fv2%2Fmedia&parent=11434"}],"curies":[{"name":"wp","href":"https:\/\/api.w.org\/{rel}","templated":true}]}}