{"id":11257,"date":"2024-02-29T10:13:30","date_gmt":"2024-02-29T10:13:30","guid":{"rendered":"https:\/\/www.baisogala.radviliskis.lm.lt\/?page_id=11257"},"modified":"2026-03-20T07:34:27","modified_gmt":"2026-03-20T07:34:27","slug":"civiline-sauga","status":"publish","type":"page","link":"https:\/\/www.baisogala.radviliskis.lm.lt\/?page_id=11257","title":{"rendered":"Civilin\u0117 sauga"},"content":{"rendered":"<ul>\n<li><a href=\"https:\/\/www.baisogala.radviliskis.lm.lt\/wp-content\/uploads\/2025\/06\/Apie-projekta-KAS.pdf\" target=\"_blank\" rel=\"noopener\">PROJEKTAS &#8222;STIPRINTI PASIRENGIM\u0104 VALDYTI EKSTREMALI\u0104SIAS SITUACIJAS IR \u0160\u0104LINTI J\u0172 PADARINIUS RADVILI\u0160KIO RAJONE&#8221;<\/a><\/li>\n<li><a href=\"https:\/\/www.baisogala.radviliskis.lm.lt\/wp-content\/uploads\/2025\/06\/Apie-projekta-priedangos.pdf\" target=\"_blank\" rel=\"noopener\">PROJEKTAS &#8222;PRIEDANG\u0172 INFRASTRUKT\u016aROS PL\u0116TRA RADVILI\u0160KIO RAJONE&#8221;<\/a><\/li>\n<li><a href=\"https:\/\/www.baisogala.radviliskis.lm.lt\/wp-content\/uploads\/2026\/03\/Prevencijos-priemoniu-planas.pdf\" target=\"_blank\" rel=\"noopener\">ES PREVENCIJOS PRIEMONI\u0172 PLANAS<\/a><\/li>\n<li><a href=\"https:\/\/www.baisogala.radviliskis.lm.lt\/wp-content\/uploads\/2026\/03\/Ataskaita-1.pdf\" target=\"_blank\" rel=\"noopener\">CIVILIN\u0116S SAUGOS U\u017dDAVINI\u0172 VYKDYMO ATASKAITA 2025 m.<\/a><\/li>\n<li><a href=\"https:\/\/www.baisogala.radviliskis.lm.lt\/wp-content\/uploads\/2026\/03\/Mokymu-planas.pdf\" target=\"_blank\" rel=\"noopener\">CIVILIN\u0116S SAUGOS MOKYMO PLANAS 2026 m.<\/a><\/li>\n<li><a href=\"https:\/\/www.baisogala.radviliskis.lm.lt\/wp-content\/uploads\/2026\/03\/Veiklos-planas.pdf\" target=\"_blank\" rel=\"noopener\">CIVILIN\u0116S SAUGOS VEIKLOS (DARBO) PLANAS 2026 m.<\/a><\/li>\n<\/ul>\n","protected":false},"excerpt":{"rendered":"<p>PROJEKTAS &#8222;STIPRINTI PASIRENGIM\u0104 VALDYTI EKSTREMALI\u0104SIAS SITUACIJAS IR \u0160\u0104LINTI J\u0172 PADARINIUS RADVILI\u0160KIO RAJONE&#8221; PROJEKTAS &#8222;PRIEDANG\u0172 INFRASTRUKT\u016aROS PL\u0116TRA RADVILI\u0160KIO RAJONE&#8221; ES PREVENCIJOS PRIEMONI\u0172 PLANAS CIVILIN\u0116S SAUGOS U\u017dDAVINI\u0172 VYKDYMO ATASKAITA 2025 m. CIVILIN\u0116S SAUGOS MOKYMO PLANAS 2026 m. CIVILIN\u0116S SAUGOS VEIKLOS (DARBO) PLANAS &hellip; <a href=\"https:\/\/www.baisogala.radviliskis.lm.lt\/?page_id=11257\">Skaityti daugiau <span class=\"meta-nav\">&rarr;<\/span><\/a><\/p>\n","protected":false},"author":1,"featured_media":0,"parent":0,"menu_order":0,"comment_status":"closed","ping_status":"closed","template":"","meta":{"ngg_post_thumbnail":0,"footnotes":"","_links_to":"","_links_to_target":""},"class_list":["post-11257","page","type-page","status-publish","hentry"],"_links":{"self":[{"href":"https:\/\/www.baisogala.radviliskis.lm.lt\/index.php?rest_route=\/wp\/v2\/pages\/11257","targetHints":{"allow":["GET"]}}],"collection":[{"href":"https:\/\/www.baisogala.radviliskis.lm.lt\/index.php?rest_route=\/wp\/v2\/pages"}],"about":[{"href":"https:\/\/www.baisogala.radviliskis.lm.lt\/index.php?rest_route=\/wp\/v2\/types\/page"}],"author":[{"embeddable":true,"href":"https:\/\/www.baisogala.radviliskis.lm.lt\/index.php?rest_route=\/wp\/v2\/users\/1"}],"replies":[{"embeddable":true,"href":"https:\/\/www.baisogala.radviliskis.lm.lt\/index.php?rest_route=%2Fwp%2Fv2%2Fcomments&post=11257"}],"version-history":[{"count":9,"href":"https:\/\/www.baisogala.radviliskis.lm.lt\/index.php?rest_route=\/wp\/v2\/pages\/11257\/revisions"}],"predecessor-version":[{"id":13842,"href":"https:\/\/www.baisogala.radviliskis.lm.lt\/index.php?rest_route=\/wp\/v2\/pages\/11257\/revisions\/13842"}],"wp:attachment":[{"href":"https:\/\/www.baisogala.radviliskis.lm.lt\/index.php?rest_route=%2Fwp%2Fv2%2Fmedia&parent=11257"}],"curies":[{"name":"wp","href":"https:\/\/api.w.org\/{rel}","templated":true}]}}