{"id":11173,"date":"2024-02-14T10:09:33","date_gmt":"2024-02-14T10:09:33","guid":{"rendered":"https:\/\/www.baisogala.radviliskis.lm.lt\/?page_id=11173"},"modified":"2026-01-07T10:33:22","modified_gmt":"2026-01-07T10:33:22","slug":"projektai","status":"publish","type":"page","link":"https:\/\/www.baisogala.radviliskis.lm.lt\/?page_id=11173","title":{"rendered":"Projektai"},"content":{"rendered":"<p><span style=\"font-size: 18pt;\"><strong>Projektas \u201e\u0160vietimo pagalbos ir koordinuotai teikiam\u0173 paslaug\u0173 pl\u0117tra Radvili\u0161kio rajone\u201c<\/strong><\/span><\/p>\n<p><img loading=\"lazy\" decoding=\"async\" class=\"\" src=\"https:\/\/www.baisogala.radviliskis.lm.lt\/wp-content\/uploads\/2026\/01\/logo-europos-projekto.webp\" alt=\"\" width=\"714\" height=\"167\"><\/p>\n<p>Projekto Nr. 10-091-K-0004<br \/>\nProjekto trukm\u0117: 2025 m. gruod\u017eio 5 d. \u2013 2028 m. lapkri\u010dio 30 d.<br \/>\nProjekto bendra vert\u0117 \u2013 543 431,05 eur\u0173.<br \/>\nEuropos S\u0105jungos l\u0117\u0161os \u2013 415&nbsp;262,84 eur\u0173.<br \/>\nBendrojo finansavimo l\u0117\u0161os \u2013 73&nbsp;281,68 eur\u0173.<br \/>\nSavivaldyb\u0117s biud\u017eeto l\u0117\u0161os \u2013 54 886,53 eur\u0173.<\/p>\n<p style=\"text-align: justify;\"><strong>Projekto vykdytojas<\/strong> \u2013 Radvili\u0161kio rajono savivaldyb\u0117s administracija.<\/p>\n<p style=\"text-align: justify;\"><strong>Projekto partneriai<\/strong> \u2013 Radvili\u0161kio r. Alksniupi\u0173 pagrindin\u0117 mokykla, Radvili\u0161kio rajono savivaldyb\u0117s \u0161vietimo ir sporto paslaug\u0173 centras, Radvili\u0161kio technologij\u0173 ir verslo mokymo centras, Radvili\u0161kio r. Baisogalos mokykla-dar\u017eelis, Radvili\u0161kio r. Sidabravo pagrindin\u0117 mokykla, Radvili\u0161kio r. Grinki\u0161kio Jono Poderio pagrindin\u0117 mokykla, Radvili\u0161kio rajono jaunimo klubas \u201eKult\u016bros avilys\u201c, Radvili\u0161kio rajono visuomen\u0117s sveikatos biuras, V\u0161\u012e Radvili\u0161kio rajono pirmin\u0117s sveikatos prie\u017ei\u016bros centras, Radvili\u0161kio r. Baisogalos gimnazija.<\/p>\n<p style=\"text-align: justify;\"><strong>Projektu sprend\u017eiama problema<\/strong> \u2013 nepakankamas \u0161vietimo pagalbos ir koordinuotai teikiam\u0173 paslaug\u0173 (toliau \u2013 KTP) prieinamumas speciali\u0173j\u0173 ugdymosi poreiki\u0173 turintiems vaikams. Sprend\u017eiant \u0161i\u0105 problem\u0105 b\u016btina didinti KTP bendrojo ugdymo mokykl\u0173 ir profesinio mokymo \u012fstaig\u0173 mokiniams ir j\u0173 t\u0117vams pasi\u016bl\u0105, prieinamum\u0105 pasitelkiant nevalstybinio sektoriaus paslaug\u0173 teik\u0117jus bei kuriant inovatyv\u0173 ugdymo ir KTP organizavimo model\u012f.<\/p>\n<p style=\"text-align: justify;\"><strong>Projekto tikslas<\/strong> \u2013 u\u017etikrinti tinkam\u0105 pagalb\u0105 speciali\u0173j\u0173 ugdymosi poreiki\u0173 turintiems vaikams ir j\u0173 t\u0117vams (glob\u0117jams, r\u016bpintojams) koordinuotai teikiant \u0161vietimo pagalbos, socialini\u0173 ir sveikatos prie\u017ei\u016bros paslaugas Radvili\u0161kio rajono savivaldyb\u0117je, pasitelkiant nevyriausybinio sektoriaus paslaug\u0173 teik\u0117jus bei sukurti inovatyv\u0173 ugdymo ir KTP organizavimo model\u012f.<\/p>\n<p style=\"text-align: justify;\"><strong>Projekto tikslin\u0117 grup\u0117<\/strong> \u2013 Radvili\u0161kio rajono savivaldyb\u0117s speciali\u0173j\u0173 ugdymosi poreiki\u0173 turintys vaikai, j\u0173 t\u0117vai (glob\u0117jai, r\u016bpintojai), mokytojai bei \u0161vietimo pagalbos specialistai.<\/p>\n<p style=\"text-align: justify;\">Siekiant didinti koordinuotai teikiam\u0173 \u0161vietimo pagalbos, socialin\u0117s, sveikatos prie\u017ei\u016bros paslaug\u0173 ikimokyklinio ir prie\u0161mokyklinio am\u017eiaus vaikams ir j\u0173 t\u0117vams bei bendrojo ugdymo mokykl\u0173 ir profesinio mokymo \u012fstaig\u0173 mokiniams ir j\u0173 t\u0117vams pasi\u016bl\u0105, <strong>projekto metu bus \u012fgyvendinamos \u0161ios veiklos<\/strong>:<\/p>\n<ol style=\"text-align: justify;\">\n<li>Sensorini\u0173 kambari\u0173 \u012frengimas Radvili\u0161kio r. Grinki\u0161kio Jono Poderio pagrindin\u0117je mokykloje, Radvili\u0161kio r. Baisogalos gimnazijoje, Radvili\u0161kio r. Baisogalos mokykloje-dar\u017eelyje, Radvili\u0161kio rajono visuomen\u0117s sveikatos biure;<\/li>\n<li>0,5 etato vaik\u0173 ir paaugli\u0173 psichiatro ir 0,5 etato autizmo spektro sutrikim\u0105 ir Aspergerio sindrom\u0105 turin\u010di\u0173 vaik\u0173 u\u017eimtumo specialisto \u012fdarbinimas V\u0161\u012e Radvili\u0161kio rajono pirmin\u0117s sveikatos prie\u017ei\u016bros centre; 0,5 etato socialinio pedagogo atvejo vadybininko darbui su vaikais, kuriems paskirtos koordinuotai teikiamos paslaugos ir minimalios prie\u017ei\u016bros priemon\u0117s ir 0,5 etato psichologo (mobilus) Radvili\u0161kio rajono savivaldyb\u0117s \u0161vietimo ir sporto paslaug\u0173 centre;<\/li>\n<li>\u012evairi\u0173 terapij\u0173 (mi\u0161ko, dail\u0117s, meno, forumo teatro modelio, gyv\u016bn\u0173 ir kt.) taikymas elgesio ir emocij\u0173 sutrikim\u0173 ar sunkum\u0173 turintiems vaikams ir paaugliams) bei priklausomybi\u0173 konsultant\u0173 paslaugos paaugliams (individual\u016bs u\u017esi\u0117mimai);<\/li>\n<li>\u012evairi\u0173 mokym\u0173 (TBRI\u00ae prierai\u0161umu gr\u012fsta, traumai jautri, holistin\u0117 intervencija, sukurta atliepti kompleksinius vaik\u0173 ir jaunuoli\u0173, patyrusi\u0173 ankstyv\u0105sias nepalankias patirtis, toksi\u0161k\u0105 stres\u0105 ir (arba) santyki\u0173 traum\u0105, poreikius) Radvili\u0161kio rajono mokytojams ir pagalbos specialistams, t\u0117vams (glob\u0117jams\/r\u016bpintojams) \u012fdiegimas, \u201eKasdienyb\u0117 su vaiku, turin\u010diu ASS: i\u0161\u0161\u016bkiai ir sprendimai\u201c ir kt.<\/li>\n<\/ol>\n<p style=\"text-align: justify;\"><strong>Projekto rezultatas&nbsp;<\/strong>\u2013 120 vaik\u0173, turin\u010di\u0173 speciali\u0173j\u0173 ugdymosi poreiki\u0173 dalyvaus projekte ir gaus \u012fvairias specialist\u0173 (psichologo, vaik\u0173 ir paaugli\u0173 psichiatro, autizmo spektro sutrikim\u0105 ir Aspergerio sindrom\u0105 turin\u010di\u0173 vaik\u0173 u\u017eimtumo specialisto, socialinio pedagogo) paslaugas, bus vykdomi u\u017esi\u0117mimai \u012frengtuose sensoriniuose kambariuose, \u012fvairios terapijos ir mokymai. Mokymai, kvalifikacijos k\u0117limo taikymas bus organizuojamas mokytojams, \u0161vietimo pagalbos specialistams bei t\u0117vams. Projekto metu bus skai\u010diuojama, kad 85 proc. tikslin\u0117s grup\u0117s SUP turintys vaikai gaut\u0173 paslaugas ne ma\u017eiau kaip 3 m\u0117n.<\/p>\n<p style=\"text-align: justify;\">I\u0161samesn\u0119 informacij\u0105 apie projekt\u0105 gali suteikti Lijana Lebed\u017einskien\u0117, Radvili\u0161kio rajono savivaldyb\u0117s administracijos \u0160vietimo ir sporto skyriaus vyriausioji specialist\u0117, tel. (0 422) 69 009, el. p. <a href=\"mailto:lijana.lebedzinskiene@radviliskis.lt\">lijana.lebedzinskiene@radviliskis.lt<\/a><\/p>\n<p>&nbsp;<\/p>\n<p>&nbsp;<\/p>\n<p style=\"text-align: left;\"><span style=\"font-size: 18pt;\"><strong>Projektas \u201eT\u016bkstantme\u010dio mokyklos II\u201c<\/strong><\/span><\/p>\n<p><img loading=\"lazy\" decoding=\"async\" class=\"\" src=\"https:\/\/www.baisogala.radviliskis.lm.lt\/wp-content\/uploads\/2024\/02\/NG-logo.png\" alt=\"https:\/\/www.baisogala.radviliskis.lm.lt\/wp-content\/uploads\/2024\/02\/NG-logo.png\" width=\"654\" height=\"182\"><\/p>\n<p><img loading=\"lazy\" decoding=\"async\" class=\"\" src=\"https:\/\/www.baisogala.radviliskis.lm.lt\/wp-content\/uploads\/2024\/02\/NKL-Logo.png\" alt=\"\" width=\"609\" height=\"217\"><\/p>\n<p style=\"text-align: left;\"><strong>Projekto Nr. 10-012-P-0001<br \/>\nProjekto trukm\u0117: 2024 m. sausio 31 d. \u2013 2026 m. baland\u017eio 30 d.<\/strong><\/p>\n<p style=\"text-align: left;\"><strong>Projekto finansavimo suma \u2013 120 020 428,53 Eur.<\/strong><\/p>\n<p style=\"text-align: left;\"><strong>Tinkam\u0173 finansuoti l\u0117\u0161\u0173 suma \u2013 120 077 883,61 Eur.<\/strong><\/p>\n<p style=\"text-align: left;\"><strong>Projekto apra\u0161ymas<\/strong><\/p>\n<p style=\"text-align: left;\">Projektas \u201eT\u016bkstantme\u010dio mokyklos II\u201c vykdomas pagal 2021\u20132030 m. pl\u0117tros programos valdytojos Lietuvos Respublikos \u0161vietimo, mokslo ir sporto ministerijos \u0160vietimo pl\u0117tros programos pa\u017eangos priemon\u0119 Nr. 12-003-03-01-01 \u201e\u012egyvendinti \u201eT\u016bkstantme\u010dio mokykl\u0173\u201c program\u0105\u201c. Projektas finansuojamas Ekonomikos gaivinimo ir atsparumo didinimo priemon\u0117s (EGADP) bei Lietuvos Respublikos valstyb\u0117s biud\u017eeto l\u0117\u0161omis.<\/p>\n<p style=\"text-align: left;\">&nbsp;<\/p>\n<p style=\"text-align: left;\">Projekto \u201eT\u016bkstantme\u010dio mokyklos II\u201c tikslas \u2013 projekte dalyvaujan\u010diose Lietuvos savivaldyb\u0117se sukurti integralias, optimalias ir kokybi\u0161kas ugdymo(si) s\u0105lygas mokini\u0173 pasiekim\u0173 atotr\u016bkiams ma\u017einti. \u0160iuo projektu \u012fgyvendinama dalis \u201eT\u016bkstantme\u010dio mokykl\u0173\u201c (T\u016aM) programos: vykdomos veiklos 36 Lietuvos savivaldyb\u0117se (II srautas).<\/p>\n<p style=\"text-align: left;\">&nbsp;<\/p>\n<p style=\"text-align: left;\">Projekto veiklos:<\/p>\n<p style=\"text-align: left;\">1)&nbsp; mokykl\u0173 vadov\u0173 ir kit\u0173 pedagogini\u0173 darbuotoj\u0173 kompetencij\u0173 stiprinimas;<\/p>\n<p style=\"text-align: left;\">2)&nbsp; infrastrukt\u016bros k\u016brimas, pl\u0117tra ir atnaujinimas;<\/p>\n<p style=\"text-align: left;\">3)&nbsp; mokykl\u0173 veiklos tobulinimas keturiose srityse: lyderyst\u0117 veikiant, \u012ftraukusis ugdymas, kult\u016brinis ugdymas, STEAM ugdymas;<\/p>\n<p style=\"text-align: left;\">4)&nbsp; konsultavimas, rekomendacij\u0173 ir analizi\u0173 rengimas;<\/p>\n<p style=\"text-align: left;\">5)&nbsp; projekto veikl\u0173 sklaida (vie\u0161inimo ir komunikacijos veiklos). Projekto tikslin\u0117 grup\u0117 \u2013 bendrojo ugdymo mokykl\u0173 mokytojai.<\/p>\n<p style=\"text-align: left;\">&nbsp;<\/p>\n<p style=\"text-align: left;\">Projekto tikslin\u0117s grup\u0117s &#8211; bendrojo ugdymo mokykl\u0173 darbuotojai, j\u0173 vadovai, mokiniai ir mokykl\u0173 bendruomen\u0117s.<\/p>\n<p style=\"text-align: left;\">&nbsp;<\/p>\n<p style=\"text-align: left;\"><b>Radvili\u0161kio rajono Baisogalos gimnazija<\/b> yra projekto partner\u0117 ir \u012fgyvendina 1-3 punkte numatytas veiklas: gimnazijos vadov\u0173 ir pedagogini\u0173 darbuotoj\u0173 kompetencij\u0173 stiprinimas lyderyst\u0117s, \u012ftraukiojo, kult\u016brinio ir STEAM ugdymo srityse, infrastrukt\u016bros k\u016brimas ir gimnazijos veiklos tobulinimas.&nbsp;<\/p>\n<p>&nbsp;<\/p>\n<p><b>Radvili\u0161kio rajono Baisogalos gimnazijos projekto \u201eT\u016bkstantme\u010dio mokyklos\u201c II pa\u017eangos plane numatytos pagrindin\u0117s veiklos pagal sritis:<\/b><\/p>\n<p>&nbsp;<\/p>\n<p style=\"text-align: left;\"><span style=\"font-weight: 400;\">LYDERYST\u0116: \u012fkuriama bendradarbiavimo ir socialini\u0173 \u012fg\u016bd\u017ei\u0173 ugdymo erdv\u0117 kurioje organizuojamai susitikimai, u\u017esi\u0117mimai su \u012fvairi\u0173 profesij\u0173 atstovais, t\u0117vais, socialiniais partneriais, mini&nbsp;mokymai, dirbtuv\u0117s, edukaciniai ir metodiniai u\u017esi\u0117mimai, savivaldos pos\u0117d\u017eiai, apvalaus&nbsp;stalo diskusijos ir kt..<\/span><span style=\"font-weight: 400;\">\u200b<br \/>\n<\/span><span style=\"font-weight: 400;\">\u012esigyjamos pirmosios skaitmenin\u0117s ugdymo karjerai platformos Lietuvoje&nbsp;Spotiself licencijos 8-II g. klasi\u0173 mokiniams.<\/span><\/p>\n<p style=\"text-align: left;\"><span style=\"font-weight: 400;\">\u200b<\/span><\/p>\n<p style=\"text-align: left;\"><span style=\"font-weight: 400;\">\u012eTRAUKUSIS UGDYMAS: \u012frengiama ramyb\u0117s erdv\u0117. Sukuriamas ir \u012fgyvendinamas veikl\u0173 ciklas integruojant \u012ftraukiojo ir&nbsp; kult\u016brinio ugdymo&nbsp;veiklas.<\/span><span style=\"font-weight: 400;\">\u200b<br \/>\n<\/span><span style=\"font-weight: 400;\">Teikiama pav\u0117\u017e\u0117jimo paslauga visiems mokiniams, nepriklausomai nuo j\u0173 gyvenamosios vietos,&nbsp;dalyvauti neformaliojo \u0161vietimo veiklose, renginiuose, popamokin\u0117je veikloje.&nbsp;<\/span><span style=\"font-weight: 400;\">\u200b<br \/>\n<\/span><span style=\"font-weight: 400;\">Atnaujinamas spec. pedagogo kabinetas, sukuriamas integruot\u0173 interaktyvi\u0173 pamok\u0173 SUP mokiniams ciklas, vykdoma neformaliojo \u0161vietimo&nbsp;programa kompiuterinio ra\u0161tingumo ugdymui.<\/span><span style=\"font-weight: 400;\">\u200b<\/span><\/p>\n<p style=\"text-align: left;\">&nbsp;<\/p>\n<p style=\"text-align: left;\"><span style=\"font-weight: 400;\">KULT\u016aRINIS UGDYMAS: \u012frengiama men\u0173 terapijos ir k\u016brybi\u0161kumo studija \u201cNaktikovas\u201d kur organizuojamos k\u016brybin\u0117s dirbtuv\u0117s su profesionaliais aktoriais,&nbsp;muzikantais,&nbsp;&nbsp;menininkais, men\u0173, k\u016brybi\u0161kumo u\u017esi\u0117mimai, organizuojamos mokini\u0173 ir mokytoj\u0173 k\u016brybin\u0117s dirbtuv\u0117s, integruotos veiklos&nbsp;kult\u016bros&nbsp;&nbsp;\u012fstaigose.<\/span><span style=\"font-weight: 400;\">\u200b<br \/>\n<\/span><span style=\"font-weight: 400;\">\u012erengiamas lauko muziejus \u2013&nbsp;bendruomeni\u0161kumui ir pilieti\u0161kumui.<\/span><span style=\"font-weight: 400;\">\u200b <\/span><span style=\"font-weight: 400;\">Pilieti\u0161kumo, istorijos pamokos organizuojamos kitoje erdv\u0117je. Organizuojami&nbsp;u\u017esi\u0117mimai miestelio bendruomenei.&nbsp; Sukuriamas lauko muziejuje vedam\u0173&nbsp;integruot\u0173 istorijos, pilieti\u0161kumo pamok\u0173\/veikl\u0173 bankas ir \u012fgyvendinamas u\u017esi\u0117mim\u0173&nbsp;ciklas.<\/span><span style=\"font-weight: 400;\">\u200b<\/span><\/p>\n<p style=\"text-align: left;\">&nbsp;<\/p>\n<p style=\"text-align: left;\"><span style=\"font-weight: 400;\">STEAM UGDYMAS: \u012fkurtoje lauko STEAM klas\u0117je ir&nbsp;technologij\u0173 kabinete ple\u010diamos tiriamosios veiklos galimyb\u0117s, parengiama ir \u012fgyvendinama integruota technologij\u0173 programa, sukuriamas integruot\u0173, STEAM,&nbsp;patyrimini\u0173&nbsp;veikl\u0173 bankas, paruo\u0161iamas ir \u012fgyvendinamas u\u017esi\u0117mim\u0173 ciklas STEAM ir karjera.<\/span><span style=\"font-weight: 400;\">\u200b<\/span><\/p>\n<p style=\"text-align: justify;\">&nbsp;<\/p>\n<p style=\"text-align: left;\">Europos socialinio fondo agent\u016bra yra projekto vykdytoja, kuri \u012fgyvendina konsultavimo, rekomendacij\u0173 ir analizi\u0173 rengimo bei komunikacijos veiklas.<\/p>\n<p style=\"text-align: left;\">&nbsp;<\/p>\n<p style=\"text-align: left;\"><strong>Siekiami rezultatai<\/strong><\/p>\n<p style=\"text-align: left;\">&nbsp;<\/p>\n<ul style=\"text-align: left;\">\n<li>Padid\u0117jusi pagrindinio ugdymo pasiekim\u0173 patikrinimo (PUPP) metu bent pagrindin\u012f lietuvi\u0173 kalbos mokymosi pasiekim\u0173 lyg\u012f pasiekusi\u0173 mokini\u0173 dalis;<\/li>\n<li>Padid\u0117jusi PUPP metu bent pagrindin\u012f matematikos mokymosi pasiekim\u0173 lyg\u012f pasiekusi\u0173 mokini\u0173 dalis;<\/li>\n<li>Suma\u017e\u0117jusi bendrojo ugdymo mokykl\u0173 1\u20138 klasi\u0173 komplekt\u0173, kurie yra jungtiniai, dalis;<\/li>\n<li>Padid\u0117j\u0119s vienai s\u0105lyginei mokytojo pareigybei tenkan\u010di\u0173 mokini\u0173 skai\u010dius bendrojo ugdymo mokyklose;<\/li>\n<li>Suma\u017e\u0117j\u0119 mokini\u0173 pasiekim\u0173 atotr\u016bkiai tarp projekte dalyvavusi\u0173 savivaldybi\u0173 teritorijose esan\u010di\u0173 mokykl\u0173;<\/li>\n<li>Padid\u0117jusi&nbsp;ikimokyklinio ir prie\u0161mokyklinio ugdymo procese dalyvaujan\u010di\u0173 3\u20135 met\u0173 am\u017eiaus vaik\u0173 dalis;<\/li>\n<li>Padid\u0117jusi mokini\u0173&nbsp;turin\u010di\u0173 speciali\u0173j\u0173 ugdymosi poreiki\u0173, ugdom\u0173 integruotai bendrosios paskirties mokyklose, dalis;<\/li>\n<li>Padid\u0117jusi tris ir daugiau valstybini\u0173 brandos egzamin\u0173 i\u0161laikiusi\u0173 abiturient\u0173 dalis; (gimnazijoms)<\/li>\n<li>Padid\u0117jusi neformaliojo \u0161vietimo veikloje dalyvaujan\u010di\u0173 mokini\u0173 dalis;<\/li>\n<li>Padid\u0117j\u0119s aktyviai \u012fsitraukusi\u0173 \u012f svarbi\u0173 mokyklai poky\u010di\u0173 \u012fgyvendinim\u0105 mokytoj\u0173 skai\u010dius (Lyderyst\u0117 veikiant);<\/li>\n<li>&nbsp;Padid\u0117jusi vaik\u0173, turin\u010di\u0173 speciali\u0173j\u0173 ugdymosi poreiki\u0173, \u012fsitraukian\u010di\u0173 \u012f bendrojo ugdymo neformalaus ugdymo veiklas, dalis (\u012etraukusis ugdymas);<\/li>\n<li>Padid\u0117jusi mokini\u0173 dalis, kurie \u012fsitraukia \u012f ilgalaikes kult\u016brinio ugdymo veiklas, \u012fteisintas ugdymo planuose (Kult\u016brinis ugdymas);<\/li>\n<li>Padid\u0117j\u0119s mokytoj\u0173 vedam\u0173 STEAM integruot\u0173 veikl\u0173 skai\u010dius formaliajame ugdyme (per vienerius mokslo metus) (STEAM ugdymas).<\/li>\n<\/ul>\n","protected":false},"excerpt":{"rendered":"<p>Projektas \u201e\u0160vietimo pagalbos ir koordinuotai teikiam\u0173 paslaug\u0173 pl\u0117tra Radvili\u0161kio rajone\u201c Projekto Nr. 10-091-K-0004 Projekto trukm\u0117: 2025 m. gruod\u017eio 5 d. \u2013 2028 m. lapkri\u010dio 30 d. Projekto bendra vert\u0117 \u2013 543 431,05 eur\u0173. Europos S\u0105jungos l\u0117\u0161os \u2013 415&nbsp;262,84 eur\u0173. Bendrojo &hellip; <a href=\"https:\/\/www.baisogala.radviliskis.lm.lt\/?page_id=11173\">Skaityti daugiau <span class=\"meta-nav\">&rarr;<\/span><\/a><\/p>\n","protected":false},"author":1,"featured_media":0,"parent":0,"menu_order":0,"comment_status":"closed","ping_status":"closed","template":"","meta":{"ngg_post_thumbnail":0,"footnotes":"","_links_to":"","_links_to_target":""},"class_list":["post-11173","page","type-page","status-publish","hentry"],"_links":{"self":[{"href":"https:\/\/www.baisogala.radviliskis.lm.lt\/index.php?rest_route=\/wp\/v2\/pages\/11173","targetHints":{"allow":["GET"]}}],"collection":[{"href":"https:\/\/www.baisogala.radviliskis.lm.lt\/index.php?rest_route=\/wp\/v2\/pages"}],"about":[{"href":"https:\/\/www.baisogala.radviliskis.lm.lt\/index.php?rest_route=\/wp\/v2\/types\/page"}],"author":[{"embeddable":true,"href":"https:\/\/www.baisogala.radviliskis.lm.lt\/index.php?rest_route=\/wp\/v2\/users\/1"}],"replies":[{"embeddable":true,"href":"https:\/\/www.baisogala.radviliskis.lm.lt\/index.php?rest_route=%2Fwp%2Fv2%2Fcomments&post=11173"}],"version-history":[{"count":13,"href":"https:\/\/www.baisogala.radviliskis.lm.lt\/index.php?rest_route=\/wp\/v2\/pages\/11173\/revisions"}],"predecessor-version":[{"id":13619,"href":"https:\/\/www.baisogala.radviliskis.lm.lt\/index.php?rest_route=\/wp\/v2\/pages\/11173\/revisions\/13619"}],"wp:attachment":[{"href":"https:\/\/www.baisogala.radviliskis.lm.lt\/index.php?rest_route=%2Fwp%2Fv2%2Fmedia&parent=11173"}],"curies":[{"name":"wp","href":"https:\/\/api.w.org\/{rel}","templated":true}]}}