{"id":10841,"date":"2023-11-28T09:03:49","date_gmt":"2023-11-28T09:03:49","guid":{"rendered":"https:\/\/www.baisogala.radviliskis.lm.lt\/?page_id=10841"},"modified":"2025-09-22T06:22:44","modified_gmt":"2025-09-22T06:22:44","slug":"mokiniu-maitinimas","status":"publish","type":"page","link":"https:\/\/www.baisogala.radviliskis.lm.lt\/?page_id=10841","title":{"rendered":"Mokini\u0173 maitinimas"},"content":{"rendered":"<p style=\"text-align: justify;\">Mokini\u0173 maitinim\u0105 Radvili\u0161kio r. Baisogalos gimnazijoje organizuoja gimnazijos valgyklos darbuotojai ir direktoriaus \u012fsakymu paskirti atsakingi asmenys.<\/p>\n<ul>\n<li><a href=\"https:\/\/www.baisogala.radviliskis.lm.lt\/wp-content\/uploads\/2025\/09\/radviliskio_r_baisogalos_gimnazija_11_m-4.pdf\" target=\"_blank\" rel=\"noopener\">VALGIARA\u0160TIS (I variantas)<\/a><\/li>\n<li><a href=\"https:\/\/www.baisogala.radviliskis.lm.lt\/wp-content\/uploads\/2025\/09\/radviliskio_r_baisogalos_gimnazija_11_m-5.pdf\" target=\"_blank\" rel=\"noopener\">VALGIARA\u0160TIS (II variantas)<\/a><\/li>\n<li><a href=\"https:\/\/www.baisogala.radviliskis.lm.lt\/wp-content\/uploads\/2025\/09\/radviliskio_r_baisogalos_gimnazija_11_m-6.pdf\" target=\"_blank\" rel=\"noopener\">VALGIARA\u0160TIS (III variantas)<\/a><\/li>\n<li><a href=\"https:\/\/www.baisogala.radviliskis.lm.lt\/wp-content\/uploads\/2025\/09\/radviliskio_r_baisogalos_gimnazija_11_m-7.pdf\" target=\"_blank\" rel=\"noopener\">VALGIARA\u0160TIS (IV variantas)<\/a><\/li>\n<li><a href=\"https:\/\/www.baisogala.radviliskis.lm.lt\/wp-content\/uploads\/2024\/09\/15-D.-VALGIARASTIS-4-7-M.-VAIKAMS.pdf\" target=\"_blank\" rel=\"noopener\">VALGIARA\u0160TIS (4 -7 m. vaikams)<\/a><\/li>\n<li><span style=\"font-size: 12pt;\"><a href=\"https:\/\/www.baisogala.radviliskis.lm.lt\/wp-content\/uploads\/2023\/11\/Maitinimo-organizavimas-galutinis-3.pdf\" target=\"_blank\" rel=\"noopener\">MOKINI\u0172 MAITINIMO ORGANIZAVIMO TVARKOS APRA\u0160AS<\/a><\/span><\/li>\n<\/ul>\n<p>&nbsp;<\/p>\n<p style=\"font-weight: 400; text-align: center;\"><span style=\"font-size: 18pt;\">VALGYKLOS DARBO LAIKAS<\/span><\/p>\n<p style=\"font-weight: 400; text-align: center;\"><span style=\"font-size: 18pt;\"><strong>10.00 -14.00<\/strong><\/span><\/p>\n<p style=\"font-weight: 400; text-align: center;\">&nbsp;<\/p>\n<p style=\"font-weight: 400; text-align: center;\"><span style=\"font-size: 18pt;\">PIET\u0172&nbsp;LAIKAS:<\/span><\/p>\n<p style=\"font-weight: 400; text-align: center;\"><span style=\"font-size: 18pt;\"><strong>10.50- 11.20 (po 3 pamok<\/strong><strong>\u0173)&nbsp;<\/strong><strong>&nbsp;5-8 KLAS<\/strong><strong>\u0116<\/strong><strong>S<\/strong><\/span><\/p>\n<p style=\"font-weight: 400; text-align: center;\"><span style=\"font-size: 18pt;\"><strong>12.05-12.30 (po 4 pamok<\/strong><strong>\u0173)&nbsp;<\/strong><strong>&nbsp;I-IV KLAS<\/strong><strong>\u0116<\/strong><strong>S<\/strong><\/span><\/p>\n","protected":false},"excerpt":{"rendered":"<p>Mokini\u0173 maitinim\u0105 Radvili\u0161kio r. Baisogalos gimnazijoje organizuoja gimnazijos valgyklos darbuotojai ir direktoriaus \u012fsakymu paskirti atsakingi asmenys. VALGIARA\u0160TIS (I variantas) VALGIARA\u0160TIS (II variantas) VALGIARA\u0160TIS (III variantas) VALGIARA\u0160TIS (IV variantas) VALGIARA\u0160TIS (4 -7 m. vaikams) MOKINI\u0172 MAITINIMO ORGANIZAVIMO TVARKOS APRA\u0160AS &nbsp; VALGYKLOS &hellip; <a href=\"https:\/\/www.baisogala.radviliskis.lm.lt\/?page_id=10841\">Skaityti daugiau <span class=\"meta-nav\">&rarr;<\/span><\/a><\/p>\n","protected":false},"author":1,"featured_media":0,"parent":90,"menu_order":0,"comment_status":"closed","ping_status":"closed","template":"","meta":{"ngg_post_thumbnail":0,"footnotes":"","_links_to":"","_links_to_target":""},"class_list":["post-10841","page","type-page","status-publish","hentry"],"_links":{"self":[{"href":"https:\/\/www.baisogala.radviliskis.lm.lt\/index.php?rest_route=\/wp\/v2\/pages\/10841","targetHints":{"allow":["GET"]}}],"collection":[{"href":"https:\/\/www.baisogala.radviliskis.lm.lt\/index.php?rest_route=\/wp\/v2\/pages"}],"about":[{"href":"https:\/\/www.baisogala.radviliskis.lm.lt\/index.php?rest_route=\/wp\/v2\/types\/page"}],"author":[{"embeddable":true,"href":"https:\/\/www.baisogala.radviliskis.lm.lt\/index.php?rest_route=\/wp\/v2\/users\/1"}],"replies":[{"embeddable":true,"href":"https:\/\/www.baisogala.radviliskis.lm.lt\/index.php?rest_route=%2Fwp%2Fv2%2Fcomments&post=10841"}],"version-history":[{"count":10,"href":"https:\/\/www.baisogala.radviliskis.lm.lt\/index.php?rest_route=\/wp\/v2\/pages\/10841\/revisions"}],"predecessor-version":[{"id":13125,"href":"https:\/\/www.baisogala.radviliskis.lm.lt\/index.php?rest_route=\/wp\/v2\/pages\/10841\/revisions\/13125"}],"up":[{"embeddable":true,"href":"https:\/\/www.baisogala.radviliskis.lm.lt\/index.php?rest_route=\/wp\/v2\/pages\/90"}],"wp:attachment":[{"href":"https:\/\/www.baisogala.radviliskis.lm.lt\/index.php?rest_route=%2Fwp%2Fv2%2Fmedia&parent=10841"}],"curies":[{"name":"wp","href":"https:\/\/api.w.org\/{rel}","templated":true}]}}