{"id":10727,"date":"2023-10-17T08:53:57","date_gmt":"2023-10-17T08:53:57","guid":{"rendered":"https:\/\/www.baisogala.radviliskis.lm.lt\/?page_id=10727"},"modified":"2026-02-11T12:44:45","modified_gmt":"2026-02-11T12:44:45","slug":"karjeros-specialistai","status":"publish","type":"page","link":"https:\/\/www.baisogala.radviliskis.lm.lt\/?page_id=10727","title":{"rendered":"Karjeros specialistai"},"content":{"rendered":"<p style=\"text-align: center;\"><span style=\"font-size: 14px; font-family: georgia,palatino;\"><strong>Baisogalos gimnazijos karjeros specialist\u0117<\/strong><\/span><\/p>\n<p style=\"text-align: center;\" align=\"center\"><span style=\"font-size: 14px; font-family: georgia,palatino;\"><b>Ieva Sadzevi\u010di\u016bt\u0117<\/b>, 208 kab., el. p.: <a href=\"mailto:ievas@baisogalosgimnazija.lt\">ievas@baisogalosgimnazija.lt<\/a><\/span><\/p>\n<blockquote class=\"wp-embedded-content\" data-secret=\"B4LglqXw3g\"><p><a href=\"https:\/\/www.baisogala.radviliskis.lm.lt\/?page_id=132\">Ugdymas karjerai<\/a><\/p><\/blockquote>\n<p><iframe loading=\"lazy\" class=\"wp-embedded-content\" sandbox=\"allow-scripts\" security=\"restricted\" style=\"position: absolute; visibility: hidden;\" title=\"&#8220;Ugdymas karjerai&#8221; &#8212; Radvili\u0161kio rajono Baisogalos gimnazija\" src=\"https:\/\/www.baisogala.radviliskis.lm.lt\/?page_id=132&#038;embed=true#?secret=eNNoxAM692#?secret=B4LglqXw3g\" data-secret=\"B4LglqXw3g\" width=\"600\" height=\"338\" frameborder=\"0\" marginwidth=\"0\" marginheight=\"0\" scrolling=\"no\"><\/iframe><\/p>\n","protected":false},"excerpt":{"rendered":"<p>Baisogalos gimnazijos karjeros specialist\u0117 Ieva Sadzevi\u010di\u016bt\u0117, 208 kab., el. p.: ievas@baisogalosgimnazija.lt Ugdymas karjerai<\/p>\n","protected":false},"author":1,"featured_media":0,"parent":108,"menu_order":8,"comment_status":"closed","ping_status":"closed","template":"","meta":{"ngg_post_thumbnail":0,"footnotes":"","_links_to":"","_links_to_target":""},"class_list":["post-10727","page","type-page","status-publish","hentry"],"_links":{"self":[{"href":"https:\/\/www.baisogala.radviliskis.lm.lt\/index.php?rest_route=\/wp\/v2\/pages\/10727","targetHints":{"allow":["GET"]}}],"collection":[{"href":"https:\/\/www.baisogala.radviliskis.lm.lt\/index.php?rest_route=\/wp\/v2\/pages"}],"about":[{"href":"https:\/\/www.baisogala.radviliskis.lm.lt\/index.php?rest_route=\/wp\/v2\/types\/page"}],"author":[{"embeddable":true,"href":"https:\/\/www.baisogala.radviliskis.lm.lt\/index.php?rest_route=\/wp\/v2\/users\/1"}],"replies":[{"embeddable":true,"href":"https:\/\/www.baisogala.radviliskis.lm.lt\/index.php?rest_route=%2Fwp%2Fv2%2Fcomments&post=10727"}],"version-history":[{"count":17,"href":"https:\/\/www.baisogala.radviliskis.lm.lt\/index.php?rest_route=\/wp\/v2\/pages\/10727\/revisions"}],"predecessor-version":[{"id":13680,"href":"https:\/\/www.baisogala.radviliskis.lm.lt\/index.php?rest_route=\/wp\/v2\/pages\/10727\/revisions\/13680"}],"up":[{"embeddable":true,"href":"https:\/\/www.baisogala.radviliskis.lm.lt\/index.php?rest_route=\/wp\/v2\/pages\/108"}],"wp:attachment":[{"href":"https:\/\/www.baisogala.radviliskis.lm.lt\/index.php?rest_route=%2Fwp%2Fv2%2Fmedia&parent=10727"}],"curies":[{"name":"wp","href":"https:\/\/api.w.org\/{rel}","templated":true}]}}